{"id":12824,"date":"2022-02-12T14:02:06","date_gmt":"2022-02-12T12:02:06","guid":{"rendered":"https:\/\/paellamarket.com\/about-us\/"},"modified":"2022-02-12T14:55:52","modified_gmt":"2022-02-12T12:55:52","slug":"sobre-nosotros","status":"publish","type":"page","link":"https:\/\/paellamarket.com\/es\/sobre-nosotros\/","title":{"rendered":"Sobre Nosotros"},"content":{"rendered":"\t\t<div data-elementor-type=\"wp-page\" data-elementor-id=\"12824\" class=\"elementor elementor-12824 elementor-12591\" data-elementor-post-type=\"page\">\n\t\t\t\t\t\t<section class=\"elementor-section elementor-top-section elementor-element elementor-element-255f9090 elementor-section-height-min-height elementor-section-boxed elementor-section-height-default elementor-section-items-middle\" data-id=\"255f9090\" data-element_type=\"section\" data-settings=\"{&quot;background_background&quot;:&quot;gradient&quot;,&quot;shape_divider_bottom&quot;:&quot;waves&quot;}\">\n\t\t\t\t\t\t\t<div class=\"elementor-background-overlay\"><\/div>\n\t\t\t\t\t\t<div class=\"elementor-shape elementor-shape-bottom\" data-negative=\"false\">\n\t\t\t<svg xmlns=\"http:\/\/www.w3.org\/2000\/svg\" viewBox=\"0 0 1000 100\" preserveAspectRatio=\"none\">\n\t<path class=\"elementor-shape-fill\" d=\"M421.9,6.5c22.6-2.5,51.5,0.4,75.5,5.3c23.6,4.9,70.9,23.5,100.5,35.7c75.8,32.2,133.7,44.5,192.6,49.7\n\tc23.6,2.1,48.7,3.5,103.4-2.5c54.7-6,106.2-25.6,106.2-25.6V0H0v30.3c0,0,72,32.6,158.4,30.5c39.2-0.7,92.8-6.7,134-22.4\n\tc21.2-8.1,52.2-18.2,79.7-24.2C399.3,7.9,411.6,7.5,421.9,6.5z\"\/>\n<\/svg>\t\t<\/div>\n\t\t\t\t\t<div class=\"elementor-container elementor-column-gap-default\">\n\t\t\t\t\t<div class=\"elementor-column elementor-col-100 elementor-top-column elementor-element elementor-element-2ec13f47\" data-id=\"2ec13f47\" data-element_type=\"column\">\n\t\t\t<div class=\"elementor-widget-wrap elementor-element-populated\">\n\t\t\t\t\t\t<div class=\"elementor-element elementor-element-38b1d8eb elementor-widget elementor-widget-heading\" data-id=\"38b1d8eb\" data-element_type=\"widget\" data-widget_type=\"heading.default\">\n\t\t\t\t<div class=\"elementor-widget-container\">\n\t\t\t\t\t<h1 class=\"elementor-heading-title elementor-size-default\">Sobre Nosotros<\/h1>\t\t\t\t<\/div>\n\t\t\t\t<\/div>\n\t\t\t\t\t<\/div>\n\t\t<\/div>\n\t\t\t\t\t<\/div>\n\t\t<\/section>\n\t\t\t\t<section class=\"elementor-section elementor-top-section elementor-element elementor-element-4378d514 elementor-section-height-min-height elementor-section-boxed elementor-section-height-default elementor-section-items-middle\" data-id=\"4378d514\" data-element_type=\"section\" data-settings=\"{&quot;background_background&quot;:&quot;classic&quot;}\">\n\t\t\t\t\t\t\t<div class=\"elementor-background-overlay\"><\/div>\n\t\t\t\t\t\t\t<div class=\"elementor-container elementor-column-gap-default\">\n\t\t\t\t\t<div class=\"elementor-column elementor-col-33 elementor-top-column elementor-element elementor-element-3b8e7ff7\" data-id=\"3b8e7ff7\" data-element_type=\"column\">\n\t\t\t<div class=\"elementor-widget-wrap elementor-element-populated\">\n\t\t\t\t\t\t<div class=\"elementor-element elementor-element-2f9923af elementor-widget elementor-widget-heading\" data-id=\"2f9923af\" data-element_type=\"widget\" data-widget_type=\"heading.default\">\n\t\t\t\t<div class=\"elementor-widget-container\">\n\t\t\t\t\t<h2 class=\"elementor-heading-title elementor-size-default\">Nuestra Historia<\/h2>\t\t\t\t<\/div>\n\t\t\t\t<\/div>\n\t\t\t\t<div class=\"elementor-element elementor-element-248b1cb elementor-widget elementor-widget-text-editor\" data-id=\"248b1cb\" data-element_type=\"widget\" data-widget_type=\"text-editor.default\">\n\t\t\t\t<div class=\"elementor-widget-container\">\n\t\t\t\t\t\t\t\t\t<p>Somos unos apasionados de los arroces y las Paellas por lo que en 2018 emprendimos este proyecto en la nube para dar a conocer los excelentes ingredientes culinarios de cosecha Espa\u00f1ola para mostrarselo al mundo, y dar a conocer la gran receta que supone La Paella Espa\u00f1ola.<\/p>\t\t\t\t\t\t\t\t<\/div>\n\t\t\t\t<\/div>\n\t\t\t\t\t<\/div>\n\t\t<\/div>\n\t\t\t\t<div class=\"elementor-column elementor-col-33 elementor-top-column elementor-element elementor-element-48a1cd02\" data-id=\"48a1cd02\" data-element_type=\"column\">\n\t\t\t<div class=\"elementor-widget-wrap elementor-element-populated\">\n\t\t\t\t\t\t<div class=\"elementor-element elementor-element-9645336 elementor-widget elementor-widget-heading\" data-id=\"9645336\" data-element_type=\"widget\" data-widget_type=\"heading.default\">\n\t\t\t\t<div class=\"elementor-widget-container\">\n\t\t\t\t\t<h2 class=\"elementor-heading-title elementor-size-default\">Denominaci\u00f3n Espa\u00f1ola<\/h2>\t\t\t\t<\/div>\n\t\t\t\t<\/div>\n\t\t\t\t<div class=\"elementor-element elementor-element-d3964c3 elementor-widget elementor-widget-text-editor\" data-id=\"d3964c3\" data-element_type=\"widget\" data-widget_type=\"text-editor.default\">\n\t\t\t\t<div class=\"elementor-widget-container\">\n\t\t\t\t\t\t\t\t\t<p><span class=\"VIiyi\" lang=\"en\"><span class=\"JLqJ4b ChMk0b\" data-language-for-alternatives=\"en\" data-language-to-translate-into=\"es\" data-phrase-index=\"1\" data-number-of-phrases=\"4\">Nuestra empresa est\u00e1 situada en Espa\u00f1a, concretamente en San Sebasti\u00e1n de los Reyes. Vendemos Kits gourmet online para cocinar Paellas, adem\u00e1s de informar sobre todo lo relacionado de este mundo gastron\u00f3mico.<\/span><\/span><\/p>\t\t\t\t\t\t\t\t<\/div>\n\t\t\t\t<\/div>\n\t\t\t\t\t<\/div>\n\t\t<\/div>\n\t\t\t\t<div class=\"elementor-column elementor-col-33 elementor-top-column elementor-element elementor-element-6cec5c82\" data-id=\"6cec5c82\" data-element_type=\"column\">\n\t\t\t<div class=\"elementor-widget-wrap elementor-element-populated\">\n\t\t\t\t\t\t<div class=\"elementor-element elementor-element-7a7926f elementor-widget elementor-widget-image\" data-id=\"7a7926f\" data-element_type=\"widget\" data-settings=\"{&quot;motion_fx_motion_fx_scrolling&quot;:&quot;yes&quot;,&quot;motion_fx_translateY_effect&quot;:&quot;yes&quot;,&quot;motion_fx_translateY_speed&quot;:{&quot;unit&quot;:&quot;px&quot;,&quot;size&quot;:&quot;1&quot;,&quot;sizes&quot;:[]},&quot;motion_fx_translateY_affectedRange&quot;:{&quot;unit&quot;:&quot;%&quot;,&quot;size&quot;:&quot;&quot;,&quot;sizes&quot;:{&quot;start&quot;:0,&quot;end&quot;:100}},&quot;motion_fx_devices&quot;:[&quot;desktop&quot;,&quot;tablet&quot;,&quot;mobile&quot;]}\" data-widget_type=\"image.default\">\n\t\t\t\t<div class=\"elementor-widget-container\">\n\t\t\t\t\t\t\t\t\t\t\t\t\t\t\t<img fetchpriority=\"high\" decoding=\"async\" width=\"612\" height=\"408\" src=\"https:\/\/paellamarket.com\/wp-content\/uploads\/2022\/02\/about-us.jpg\" class=\"attachment-full size-full wp-image-12800\" alt=\"\" srcset=\"https:\/\/paellamarket.com\/wp-content\/uploads\/2022\/02\/about-us.jpg 612w, https:\/\/paellamarket.com\/wp-content\/uploads\/2022\/02\/about-us-600x400.jpg 600w\" sizes=\"(max-width: 612px) 100vw, 612px\" \/>\t\t\t\t\t\t\t\t\t\t\t\t\t\t\t<\/div>\n\t\t\t\t<\/div>\n\t\t\t\t<div class=\"elementor-element elementor-element-e0fdf6f elementor-widget elementor-widget-heading\" data-id=\"e0fdf6f\" data-element_type=\"widget\" data-widget_type=\"heading.default\">\n\t\t\t\t<div class=\"elementor-widget-container\">\n\t\t\t\t\t<h4 class=\"elementor-heading-title elementor-size-default\">Paloma Pardo - Directora<\/h4>\t\t\t\t<\/div>\n\t\t\t\t<\/div>\n\t\t\t\t\t<\/div>\n\t\t<\/div>\n\t\t\t\t\t<\/div>\n\t\t<\/section>\n\t\t\t\t<section class=\"elementor-section elementor-top-section elementor-element elementor-element-6098dd58 elementor-section-boxed elementor-section-height-default elementor-section-height-default\" data-id=\"6098dd58\" data-element_type=\"section\" data-settings=\"{&quot;background_background&quot;:&quot;gradient&quot;,&quot;shape_divider_top&quot;:&quot;waves&quot;}\">\n\t\t\t\t\t\t\t<div class=\"elementor-background-overlay\"><\/div>\n\t\t\t\t\t\t<div class=\"elementor-shape elementor-shape-top\" data-negative=\"false\">\n\t\t\t<svg xmlns=\"http:\/\/www.w3.org\/2000\/svg\" viewBox=\"0 0 1000 100\" preserveAspectRatio=\"none\">\n\t<path class=\"elementor-shape-fill\" d=\"M421.9,6.5c22.6-2.5,51.5,0.4,75.5,5.3c23.6,4.9,70.9,23.5,100.5,35.7c75.8,32.2,133.7,44.5,192.6,49.7\n\tc23.6,2.1,48.7,3.5,103.4-2.5c54.7-6,106.2-25.6,106.2-25.6V0H0v30.3c0,0,72,32.6,158.4,30.5c39.2-0.7,92.8-6.7,134-22.4\n\tc21.2-8.1,52.2-18.2,79.7-24.2C399.3,7.9,411.6,7.5,421.9,6.5z\"\/>\n<\/svg>\t\t<\/div>\n\t\t\t\t\t<div class=\"elementor-container elementor-column-gap-default\">\n\t\t\t\t\t<div class=\"elementor-column elementor-col-50 elementor-top-column elementor-element elementor-element-1e8562d3\" data-id=\"1e8562d3\" data-element_type=\"column\">\n\t\t\t<div class=\"elementor-widget-wrap elementor-element-populated\">\n\t\t\t\t\t\t<div class=\"elementor-element elementor-element-3739b5b8 elementor-widget elementor-widget-heading\" data-id=\"3739b5b8\" data-element_type=\"widget\" data-widget_type=\"heading.default\">\n\t\t\t\t<div class=\"elementor-widget-container\">\n\t\t\t\t\t<h4 class=\"elementor-heading-title elementor-size-default\">Vendemos los Mejores Ingredientes de Espa\u00f1a para cocinar Paella<\/h4>\t\t\t\t<\/div>\n\t\t\t\t<\/div>\n\t\t\t\t<div class=\"elementor-element elementor-element-5fbf3332 elementor-widget elementor-widget-heading\" data-id=\"5fbf3332\" data-element_type=\"widget\" data-widget_type=\"heading.default\">\n\t\t\t\t<div class=\"elementor-widget-container\">\n\t\t\t\t\t<h2 class=\"elementor-heading-title elementor-size-default\">Puro Sabor!<\/h2>\t\t\t\t<\/div>\n\t\t\t\t<\/div>\n\t\t\t\t<div class=\"elementor-element elementor-element-4f120f13 elementor-align-left elementor-widget elementor-widget-button\" data-id=\"4f120f13\" data-element_type=\"widget\" data-widget_type=\"button.default\">\n\t\t\t\t<div class=\"elementor-widget-container\">\n\t\t\t\t\t\t\t\t\t<div class=\"elementor-button-wrapper\">\n\t\t\t\t\t<a class=\"elementor-button elementor-button-link elementor-size-sm\" href=\"https:\/\/paellamarket.com\/contact\/\">\n\t\t\t\t\t\t<span class=\"elementor-button-content-wrapper\">\n\t\t\t\t\t\t<span class=\"elementor-button-icon\">\n\t\t\t\t<i aria-hidden=\"true\" class=\"fas fa-arrow-right\"><\/i>\t\t\t<\/span>\n\t\t\t\t\t\t\t\t\t<span class=\"elementor-button-text\">Contactar<\/span>\n\t\t\t\t\t<\/span>\n\t\t\t\t\t<\/a>\n\t\t\t\t<\/div>\n\t\t\t\t\t\t\t\t<\/div>\n\t\t\t\t<\/div>\n\t\t\t\t\t<\/div>\n\t\t<\/div>\n\t\t\t\t<div class=\"elementor-column elementor-col-50 elementor-top-column elementor-element elementor-element-3776605b\" data-id=\"3776605b\" data-element_type=\"column\">\n\t\t\t<div class=\"elementor-widget-wrap elementor-element-populated\">\n\t\t\t\t\t\t<div class=\"elementor-element elementor-element-33a6a5cd elementor-widget elementor-widget-image\" data-id=\"33a6a5cd\" data-element_type=\"widget\" data-settings=\"{&quot;motion_fx_motion_fx_scrolling&quot;:&quot;yes&quot;,&quot;motion_fx_translateY_effect&quot;:&quot;yes&quot;,&quot;motion_fx_translateY_direction&quot;:&quot;negative&quot;,&quot;motion_fx_translateY_speed&quot;:{&quot;unit&quot;:&quot;px&quot;,&quot;size&quot;:&quot;1&quot;,&quot;sizes&quot;:[]},&quot;motion_fx_devices&quot;:[&quot;desktop&quot;,&quot;tablet&quot;],&quot;motion_fx_translateY_affectedRange&quot;:{&quot;unit&quot;:&quot;%&quot;,&quot;size&quot;:&quot;&quot;,&quot;sizes&quot;:{&quot;start&quot;:&quot;0&quot;,&quot;end&quot;:&quot;50&quot;}}}\" data-widget_type=\"image.default\">\n\t\t\t\t<div class=\"elementor-widget-container\">\n\t\t\t\t\t\t\t\t\t\t\t\t\t\t\t<img decoding=\"async\" width=\"645\" height=\"430\" src=\"https:\/\/paellamarket.com\/wp-content\/uploads\/2020\/10\/spanish-paella-shop.jpg\" class=\"attachment-full size-full wp-image-8680\" alt=\"Tienda de ingredientes de Paella\" srcset=\"https:\/\/paellamarket.com\/wp-content\/uploads\/2020\/10\/spanish-paella-shop.jpg 645w, https:\/\/paellamarket.com\/wp-content\/uploads\/2020\/10\/spanish-paella-shop-600x400.jpg 600w\" sizes=\"(max-width: 645px) 100vw, 645px\" \/>\t\t\t\t\t\t\t\t\t\t\t\t\t\t\t<\/div>\n\t\t\t\t<\/div>\n\t\t\t\t\t<\/div>\n\t\t<\/div>\n\t\t\t\t\t<\/div>\n\t\t<\/section>\n\t\t\t\t<section class=\"elementor-section elementor-top-section elementor-element elementor-element-42e0b468 elementor-section-boxed elementor-section-height-default elementor-section-height-default\" data-id=\"42e0b468\" data-element_type=\"section\">\n\t\t\t\t\t\t<div class=\"elementor-container elementor-column-gap-default\">\n\t\t\t\t\t<div class=\"elementor-column elementor-col-33 elementor-top-column elementor-element elementor-element-12a9e813\" data-id=\"12a9e813\" data-element_type=\"column\">\n\t\t\t<div class=\"elementor-widget-wrap\">\n\t\t\t\t\t\t\t<\/div>\n\t\t<\/div>\n\t\t\t\t<div class=\"elementor-column elementor-col-33 elementor-top-column elementor-element elementor-element-4006d595\" data-id=\"4006d595\" data-element_type=\"column\">\n\t\t\t<div class=\"elementor-widget-wrap\">\n\t\t\t\t\t\t\t<\/div>\n\t\t<\/div>\n\t\t\t\t<div class=\"elementor-column elementor-col-33 elementor-top-column elementor-element elementor-element-5e401b96\" data-id=\"5e401b96\" data-element_type=\"column\">\n\t\t\t<div class=\"elementor-widget-wrap\">\n\t\t\t\t\t\t\t<\/div>\n\t\t<\/div>\n\t\t\t\t\t<\/div>\n\t\t<\/section>\n\t\t\t\t<\/div>\n\t\t","protected":false},"excerpt":{"rendered":"<p>Sobre Nosotros Nuestra Historia Somos unos apasionados de los arroces y las Paellas por lo que en 2018 emprendimos este proyecto en la nube para dar a conocer los excelentes ingredientes culinarios de cosecha Espa\u00f1ola para mostrarselo al mundo, y dar a conocer la gran receta que supone La Paella Espa\u00f1ola. Denominaci\u00f3n Espa\u00f1ola Nuestra empresa [&hellip;]<\/p>\n","protected":false},"author":1,"featured_media":0,"parent":0,"menu_order":0,"comment_status":"closed","ping_status":"closed","template":"elementor_header_footer","meta":{"footnotes":""},"class_list":["post-12824","page","type-page","status-publish","hentry"],"yoast_head":"<!-- This site is optimized with the Yoast SEO plugin v24.5 - https:\/\/yoast.com\/wordpress\/plugins\/seo\/ -->\n<title>Sobre Nosotros - Paella Market<\/title>\n<meta name=\"robots\" content=\"noindex, follow\" \/>\n<meta property=\"og:locale\" content=\"es_ES\" \/>\n<meta property=\"og:type\" content=\"article\" \/>\n<meta property=\"og:title\" content=\"Sobre Nosotros - Paella Market\" \/>\n<meta property=\"og:description\" content=\"Sobre Nosotros Nuestra Historia Somos unos apasionados de los arroces y las Paellas por lo que en 2018 emprendimos este proyecto en la nube para dar a conocer los excelentes ingredientes culinarios de cosecha Espa\u00f1ola para mostrarselo al mundo, y dar a conocer la gran receta que supone La Paella Espa\u00f1ola. Denominaci\u00f3n Espa\u00f1ola Nuestra empresa [&hellip;]\" \/>\n<meta property=\"og:url\" content=\"https:\/\/paellamarket.com\/es\/sobre-nosotros\/\" \/>\n<meta property=\"og:site_name\" content=\"Paella Market\" \/>\n<meta property=\"article:publisher\" content=\"https:\/\/www.facebook.com\/Paellamarket\" \/>\n<meta property=\"article:modified_time\" content=\"2022-02-12T12:55:52+00:00\" \/>\n<meta property=\"og:image\" content=\"https:\/\/paellamarket.com\/wp-content\/uploads\/2022\/02\/about-us.jpg\" \/>\n<meta name=\"twitter:card\" content=\"summary_large_image\" \/>\n<meta name=\"twitter:site\" content=\"@paellamarket\" \/>\n<script type=\"application\/ld+json\" class=\"yoast-schema-graph\">{\"@context\":\"https:\/\/schema.org\",\"@graph\":[{\"@type\":\"WebPage\",\"@id\":\"https:\/\/paellamarket.com\/es\/sobre-nosotros\/\",\"url\":\"https:\/\/paellamarket.com\/es\/sobre-nosotros\/\",\"name\":\"Sobre Nosotros - Paella Market\",\"isPartOf\":{\"@id\":\"https:\/\/paellamarket.com\/es\/#website\"},\"primaryImageOfPage\":{\"@id\":\"https:\/\/paellamarket.com\/es\/sobre-nosotros\/#primaryimage\"},\"image\":{\"@id\":\"https:\/\/paellamarket.com\/es\/sobre-nosotros\/#primaryimage\"},\"thumbnailUrl\":\"https:\/\/paellamarket.com\/wp-content\/uploads\/2022\/02\/about-us.jpg\",\"datePublished\":\"2022-02-12T12:02:06+00:00\",\"dateModified\":\"2022-02-12T12:55:52+00:00\",\"breadcrumb\":{\"@id\":\"https:\/\/paellamarket.com\/es\/sobre-nosotros\/#breadcrumb\"},\"inLanguage\":\"es\",\"potentialAction\":[{\"@type\":\"ReadAction\",\"target\":[\"https:\/\/paellamarket.com\/es\/sobre-nosotros\/\"]}]},{\"@type\":\"ImageObject\",\"inLanguage\":\"es\",\"@id\":\"https:\/\/paellamarket.com\/es\/sobre-nosotros\/#primaryimage\",\"url\":\"https:\/\/paellamarket.com\/wp-content\/uploads\/2022\/02\/about-us.jpg\",\"contentUrl\":\"https:\/\/paellamarket.com\/wp-content\/uploads\/2022\/02\/about-us.jpg\"},{\"@type\":\"BreadcrumbList\",\"@id\":\"https:\/\/paellamarket.com\/es\/sobre-nosotros\/#breadcrumb\",\"itemListElement\":[{\"@type\":\"ListItem\",\"position\":1,\"name\":\"Home\",\"item\":\"https:\/\/paellamarket.com\/es\/\"},{\"@type\":\"ListItem\",\"position\":2,\"name\":\"Sobre Nosotros\"}]},{\"@type\":\"WebSite\",\"@id\":\"https:\/\/paellamarket.com\/es\/#website\",\"url\":\"https:\/\/paellamarket.com\/es\/\",\"name\":\"Paella Market\",\"description\":\"Spanish Paella Ingredients Store\",\"publisher\":{\"@id\":\"https:\/\/paellamarket.com\/es\/#organization\"},\"potentialAction\":[{\"@type\":\"SearchAction\",\"target\":{\"@type\":\"EntryPoint\",\"urlTemplate\":\"https:\/\/paellamarket.com\/es\/?s={search_term_string}\"},\"query-input\":{\"@type\":\"PropertyValueSpecification\",\"valueRequired\":true,\"valueName\":\"search_term_string\"}}],\"inLanguage\":\"es\"},{\"@type\":\"Organization\",\"@id\":\"https:\/\/paellamarket.com\/es\/#organization\",\"name\":\"Paella Market\",\"url\":\"https:\/\/paellamarket.com\/es\/\",\"logo\":{\"@type\":\"ImageObject\",\"inLanguage\":\"es\",\"@id\":\"https:\/\/paellamarket.com\/es\/#\/schema\/logo\/image\/\",\"url\":\"https:\/\/paellamarket.com\/wp-content\/uploads\/2020\/07\/paella-market-spain-logo.png\",\"contentUrl\":\"https:\/\/paellamarket.com\/wp-content\/uploads\/2020\/07\/paella-market-spain-logo.png\",\"width\":362,\"height\":170,\"caption\":\"Paella Market\"},\"image\":{\"@id\":\"https:\/\/paellamarket.com\/es\/#\/schema\/logo\/image\/\"},\"sameAs\":[\"https:\/\/www.facebook.com\/Paellamarket\",\"https:\/\/x.com\/paellamarket\",\"https:\/\/www.instagram.com\/paellamarket\",\"https:\/\/www.youtube.com\/channel\/UCSDRBZjNcqVE9s0D7DeiT2Q\/\"]}]}<\/script>\n<!-- \/ Yoast SEO plugin. -->","yoast_head_json":{"title":"Sobre Nosotros - Paella Market","robots":{"index":"noindex","follow":"follow"},"og_locale":"es_ES","og_type":"article","og_title":"Sobre Nosotros - Paella Market","og_description":"Sobre Nosotros Nuestra Historia Somos unos apasionados de los arroces y las Paellas por lo que en 2018 emprendimos este proyecto en la nube para dar a conocer los excelentes ingredientes culinarios de cosecha Espa\u00f1ola para mostrarselo al mundo, y dar a conocer la gran receta que supone La Paella Espa\u00f1ola. Denominaci\u00f3n Espa\u00f1ola Nuestra empresa [&hellip;]","og_url":"https:\/\/paellamarket.com\/es\/sobre-nosotros\/","og_site_name":"Paella Market","article_publisher":"https:\/\/www.facebook.com\/Paellamarket","article_modified_time":"2022-02-12T12:55:52+00:00","og_image":[{"url":"https:\/\/paellamarket.com\/wp-content\/uploads\/2022\/02\/about-us.jpg","type":"","width":"","height":""}],"twitter_card":"summary_large_image","twitter_site":"@paellamarket","schema":{"@context":"https:\/\/schema.org","@graph":[{"@type":"WebPage","@id":"https:\/\/paellamarket.com\/es\/sobre-nosotros\/","url":"https:\/\/paellamarket.com\/es\/sobre-nosotros\/","name":"Sobre Nosotros - Paella Market","isPartOf":{"@id":"https:\/\/paellamarket.com\/es\/#website"},"primaryImageOfPage":{"@id":"https:\/\/paellamarket.com\/es\/sobre-nosotros\/#primaryimage"},"image":{"@id":"https:\/\/paellamarket.com\/es\/sobre-nosotros\/#primaryimage"},"thumbnailUrl":"https:\/\/paellamarket.com\/wp-content\/uploads\/2022\/02\/about-us.jpg","datePublished":"2022-02-12T12:02:06+00:00","dateModified":"2022-02-12T12:55:52+00:00","breadcrumb":{"@id":"https:\/\/paellamarket.com\/es\/sobre-nosotros\/#breadcrumb"},"inLanguage":"es","potentialAction":[{"@type":"ReadAction","target":["https:\/\/paellamarket.com\/es\/sobre-nosotros\/"]}]},{"@type":"ImageObject","inLanguage":"es","@id":"https:\/\/paellamarket.com\/es\/sobre-nosotros\/#primaryimage","url":"https:\/\/paellamarket.com\/wp-content\/uploads\/2022\/02\/about-us.jpg","contentUrl":"https:\/\/paellamarket.com\/wp-content\/uploads\/2022\/02\/about-us.jpg"},{"@type":"BreadcrumbList","@id":"https:\/\/paellamarket.com\/es\/sobre-nosotros\/#breadcrumb","itemListElement":[{"@type":"ListItem","position":1,"name":"Home","item":"https:\/\/paellamarket.com\/es\/"},{"@type":"ListItem","position":2,"name":"Sobre Nosotros"}]},{"@type":"WebSite","@id":"https:\/\/paellamarket.com\/es\/#website","url":"https:\/\/paellamarket.com\/es\/","name":"Paella Market","description":"Spanish Paella Ingredients Store","publisher":{"@id":"https:\/\/paellamarket.com\/es\/#organization"},"potentialAction":[{"@type":"SearchAction","target":{"@type":"EntryPoint","urlTemplate":"https:\/\/paellamarket.com\/es\/?s={search_term_string}"},"query-input":{"@type":"PropertyValueSpecification","valueRequired":true,"valueName":"search_term_string"}}],"inLanguage":"es"},{"@type":"Organization","@id":"https:\/\/paellamarket.com\/es\/#organization","name":"Paella Market","url":"https:\/\/paellamarket.com\/es\/","logo":{"@type":"ImageObject","inLanguage":"es","@id":"https:\/\/paellamarket.com\/es\/#\/schema\/logo\/image\/","url":"https:\/\/paellamarket.com\/wp-content\/uploads\/2020\/07\/paella-market-spain-logo.png","contentUrl":"https:\/\/paellamarket.com\/wp-content\/uploads\/2020\/07\/paella-market-spain-logo.png","width":362,"height":170,"caption":"Paella Market"},"image":{"@id":"https:\/\/paellamarket.com\/es\/#\/schema\/logo\/image\/"},"sameAs":["https:\/\/www.facebook.com\/Paellamarket","https:\/\/x.com\/paellamarket","https:\/\/www.instagram.com\/paellamarket","https:\/\/www.youtube.com\/channel\/UCSDRBZjNcqVE9s0D7DeiT2Q\/"]}]}},"_links":{"self":[{"href":"https:\/\/paellamarket.com\/es\/wp-json\/wp\/v2\/pages\/12824"}],"collection":[{"href":"https:\/\/paellamarket.com\/es\/wp-json\/wp\/v2\/pages"}],"about":[{"href":"https:\/\/paellamarket.com\/es\/wp-json\/wp\/v2\/types\/page"}],"author":[{"embeddable":true,"href":"https:\/\/paellamarket.com\/es\/wp-json\/wp\/v2\/users\/1"}],"replies":[{"embeddable":true,"href":"https:\/\/paellamarket.com\/es\/wp-json\/wp\/v2\/comments?post=12824"}],"version-history":[{"count":0,"href":"https:\/\/paellamarket.com\/es\/wp-json\/wp\/v2\/pages\/12824\/revisions"}],"wp:attachment":[{"href":"https:\/\/paellamarket.com\/es\/wp-json\/wp\/v2\/media?parent=12824"}],"curies":[{"name":"wp","href":"https:\/\/api.w.org\/{rel}","templated":true}]}}