{"id":9240,"date":"2021-04-05T16:36:34","date_gmt":"2021-04-05T14:36:34","guid":{"rendered":"https:\/\/paellamarket.com\/legal-notice\/"},"modified":"2021-04-20T19:12:39","modified_gmt":"2021-04-20T17:12:39","slug":"aviso-legal","status":"publish","type":"page","link":"https:\/\/paellamarket.com\/es\/aviso-legal\/","title":{"rendered":"Aviso Legal"},"content":{"rendered":"\t\t<div data-elementor-type=\"wp-page\" data-elementor-id=\"9240\" class=\"elementor elementor-9240 elementor-7136\" data-elementor-post-type=\"page\">\n\t\t\t\t\t\t<section class=\"elementor-section elementor-top-section elementor-element elementor-element-b8bc760 elementor-section-boxed elementor-section-height-default elementor-section-height-default\" data-id=\"b8bc760\" data-element_type=\"section\">\n\t\t\t\t\t\t<div class=\"elementor-container elementor-column-gap-default\">\n\t\t\t\t\t<div class=\"elementor-column elementor-col-100 elementor-top-column elementor-element elementor-element-afb9a03\" data-id=\"afb9a03\" data-element_type=\"column\">\n\t\t\t<div class=\"elementor-widget-wrap elementor-element-populated\">\n\t\t\t\t\t\t<div class=\"elementor-element elementor-element-0860a08 elementor-widget elementor-widget-spacer\" data-id=\"0860a08\" data-element_type=\"widget\" data-widget_type=\"spacer.default\">\n\t\t\t\t<div class=\"elementor-widget-container\">\n\t\t\t\t\t\t\t<div class=\"elementor-spacer\">\n\t\t\t<div class=\"elementor-spacer-inner\"><\/div>\n\t\t<\/div>\n\t\t\t\t\t\t<\/div>\n\t\t\t\t<\/div>\n\t\t\t\t<div class=\"elementor-element elementor-element-ef935b1 elementor-widget elementor-widget-heading\" data-id=\"ef935b1\" data-element_type=\"widget\" data-widget_type=\"heading.default\">\n\t\t\t\t<div class=\"elementor-widget-container\">\n\t\t\t\t\t<h2 class=\"elementor-heading-title elementor-size-default\">Aviso Legal<\/h2>\t\t\t\t<\/div>\n\t\t\t\t<\/div>\n\t\t\t\t\t<\/div>\n\t\t<\/div>\n\t\t\t\t\t<\/div>\n\t\t<\/section>\n\t\t\t\t<section class=\"elementor-section elementor-top-section elementor-element elementor-element-57ffd3e4 elementor-section-boxed elementor-section-height-default elementor-section-height-default\" data-id=\"57ffd3e4\" data-element_type=\"section\">\n\t\t\t\t\t\t<div class=\"elementor-container elementor-column-gap-default\">\n\t\t\t\t\t<div class=\"elementor-column elementor-col-100 elementor-top-column elementor-element elementor-element-378e1c\" data-id=\"378e1c\" data-element_type=\"column\">\n\t\t\t<div class=\"elementor-widget-wrap elementor-element-populated\">\n\t\t\t\t\t\t<div class=\"elementor-element elementor-element-49b5e81d elementor-widget elementor-widget-spacer\" data-id=\"49b5e81d\" data-element_type=\"widget\" data-widget_type=\"spacer.default\">\n\t\t\t\t<div class=\"elementor-widget-container\">\n\t\t\t\t\t\t\t<div class=\"elementor-spacer\">\n\t\t\t<div class=\"elementor-spacer-inner\"><\/div>\n\t\t<\/div>\n\t\t\t\t\t\t<\/div>\n\t\t\t\t<\/div>\n\t\t\t\t<div class=\"elementor-element elementor-element-657a2001 elementor-widget elementor-widget-text-editor\" data-id=\"657a2001\" data-element_type=\"widget\" data-widget_type=\"text-editor.default\">\n\t\t\t\t<div class=\"elementor-widget-container\">\n\t\t\t\t\t\t\t\t\t<p>Este Aviso Legal tiene como finalidad informarle sobre sus derechos y obligaciones como usuario de este sitio web. Aqu\u00ed encontrar\u00e1 toda la informaci\u00f3n que necesita sobre este sitio web, su actividad, los datos personales que recaba y su finalidad, as\u00ed como las normas de uso que regulan el uso de este sitio web.<\/p><p>Este sitio web obtiene ingresos por compras afiliadas que cumplen con los requisitos aplicables seg\u00fan las condiciones establecidas por cada programa de venta online al que est\u00e1 afiliado.<\/p><p>En el momento en que accede a este sitio web <b> https:\/\/paellamarket.com <\/b>, asume la condici\u00f3n de usuario, por lo que el contenido de este Aviso Legal le afecta directamente. Por tanto, es importante que usted lo lea para despejar cualquier duda alrespecto y tener el conocimiento de los hechos sobre las condiciones que est\u00e1s aceptando.<\/p><p>Para empezar, debe saber que este sitio web cumple con la normativa vigente en materia de protecci\u00f3n de datos, con el fin de brindarte las garant\u00edas, seguridad y transparencia que, como usuario, te corresponden al utilizar este sitio web.<\/p><p><b> El RGPD (Reglamento (UE) 2016\/679 del Parlamento Europeo y del Consejo de 27 de abril de 2016 relativo a la protecci\u00f3n de las personas f\u00edsicas) <\/b> que es el nuevo reglamento de la Uni\u00f3n Europea que unifica el reglamento de la tratamiento de datos personales en los diferentes pa\u00edses de la UE.<\/p><p><b> La LOPD (Ley Org\u00e1nica 15\/1999, de 13 de diciembre, de Protecci\u00f3n de Datos de Car\u00e1cter Personal y Real Decreto 1720\/2007, de 21 de diciembre, Reglamento de Desarrollo de la LOPD) <\/b> que regula el tratamiento de datos y las obligaciones que deben asumir los responsables de un sitio web o blog a la hora de gestionar esta informaci\u00f3n.<\/p><p>La <b> LSSI (Ley 34\/2002, de 11 de julio, de Servicios de la Sociedad de la Informaci\u00f3n y Comercio Electr\u00f3nico) <\/b> que regula las transacciones econ\u00f3micas a trav\u00e9s de medios electr\u00f3nicos, como es el caso de este blog.<\/p><h4><b> DATOS DE IDENTIFICACI\u00d3N <\/b><\/h4><p>El responsable y titular de este sitio web es POWER ESTUDIO S.L. (En adelante <b> PORTAL <\/b>)<\/p><ul><li><b>Nombre: <\/b>POWER ESTUDIO S.L.<\/li><li><b>NIF:<\/b> B85521425<\/li><li><b>Domicilio Social:<\/b> C\/ Merce Rodoreda 3, portal 2, 1\u00ba-C<\/li><li><b>Actividad del Sitio Web:<\/b> Productos de alimentaci\u00f3n Gourmet y menaje Distribuci\u00f3n de productos relacionados con (https:\/\/paellamarket.com), exhibiciones publicitarias y recomendaci\u00f3n de productos de afiliados.<\/li><li><b>Email:<\/b> info@paellamarket.com<\/li><\/ul><p>Los datos que nos facilite con su consentimiento, y seg\u00fan el uso establecido en nuestra Pol\u00edtica de Privacidad, ser\u00e1n incorporados a un fichero automatizado debidamente registrado en la Agencia Espa\u00f1ola de Protecci\u00f3n de Datos, en el que el responsable de dicho fichero es: el <b> PORTAL <\/b>.Esto significa que sus datos est\u00e1n seguros, de acuerdo con lo que establece la ley.<\/p><h4><b> REGLAS DE ACCESO AL SITIO WEB <\/b><\/h4><p>Como usuario de nuestro sitio web, tambi\u00e9n tiene una serie de obligaciones:<\/p><p>No podr\u00e1 utilizar este sitio web para realizar actividades contrarias a las leyes, la moral, el orden p\u00fablico y, en general, hacer un uso del mismo de acuerdo con las condiciones establecidas en este Aviso Legal.<\/p><p>No podr\u00e1 realizar actividades publicitarias o de explotaci\u00f3n comercial mediante el env\u00edo de mensajes que utilicen una identidad falsa.<\/p><p>Usted ser\u00e1 el \u00fanico responsable de la veracidad y exactitud del contenido que ingrese en este sitio web y de los datos personales que nos proporcione con las finalidades establecidas en nuestra Pol\u00edtica de Privacidad.<\/p><p>Tambi\u00e9n ser\u00e1 el \u00fanico responsable de realizar cualquier tipo de actuaci\u00f3n il\u00edcita, lesiva y \/ o lesiva en sitios de terceros a los que podamos remitirle desde este sitio web para el desarrollo de nuestra actividad.<\/p><p>Como responsable del sitio web, el <b> PORTAL <\/b> podr\u00e1 interrumpir el servicio de la p\u00e1gina que est\u00e1 siendo utilizada por el usuario y resolver de forma inmediata la relaci\u00f3n si detecta un uso del sitio web o de alguno de los servicios ofertados en los mismos que pueda considerarse contrario a lo expresado en este Aviso Legal.<\/p><h4><b> PROPIEDAD INTELECTUAL E INDUSTRIAL <\/b><\/h4><p>La totalidad de este sitio web (texto, im\u00e1genes, marcas, gr\u00e1ficos, logotipos, botones, archivos de software, combinaciones de colores, as\u00ed como la estructura, selecci\u00f3n, disposici\u00f3n y presentaci\u00f3n de sus contenidos) est\u00e1 protegida por las leyes vigentes en materia de propiedad Intelectual e Industrial, quedando prohibida su reproducci\u00f3n, distribuci\u00f3n, comunicaci\u00f3n p\u00fablica y transformaci\u00f3n, salvo para uso personal y privado.<\/p><p>Como titular de este sitio web, el <b> PORTAL <\/b> no garantiza que los contenidos sean precisos o est\u00e9n libres de errores o que la libre utilizaci\u00f3n de los mismos por parte de los usuarios no vulnere derechos de terceros. El buen o mal uso de esta p\u00e1gina y su contenido es responsabilidad del usuario.<\/p><p>Asimismo, queda prohibida la reproducci\u00f3n, retransmisi\u00f3n, copia, cesi\u00f3n o redistribuci\u00f3n total o parcial de la informaci\u00f3n contenida en la p\u00e1gina, cualquiera que sea su finalidad y los medios utilizados para ello, sin previa autorizaci\u00f3n del <b> PORTAL <\/b>.<\/p><h4><b> ENLACES DE TERCEROS <\/b><\/h4><p>Este sitio web incluye enlaces o enlaces a sitios de terceros. Las p\u00e1ginas pertenecientes a estos terceros no han sido revisadas ni est\u00e1n sujetas a controles por nuestra parte, por lo que el <b> PORTAL <\/b> no se hace responsable de los contenidos de estos sitios web, ni de las medidas adoptadas en cuanto a su privacidad o el tratamiento de sus datos personales u otros que pudieran surgir.<\/p><p>Por ello, le recomendamos que lea atentamente las condiciones de uso, pol\u00edtica de privacidad, avisos legales y \/ o similares de estos sitios.<\/p><h4><b> ENLACES DE AFILIACI\u00d3N DE AMAZON <\/b><\/h4><p>Este sitio web, de acuerdo con su prop\u00f3sito, utiliza enlaces de afiliados de Amazon.<\/p><p>Esto significa que encontrar\u00e1s enlaces a productos de Amazon a los que podr\u00e1s acceder directamente desde nuestro sitio web pero que, en su caso, realizar\u00e1s la compra en Amazon.com, Amazon Europa, bajo sus propias condiciones en ese momento.<\/p><h4><b> LIMITACI\u00d3N DE RESPONSABILIDAD <\/b><\/h4><p>En ejercicio de su derecho como titular de este sitio web, le informamos que el <b> PORTAL <\/b> no se hace responsable en ning\u00fan caso de lo siguiente:<\/p><p>La calidad del servicio, la velocidad de acceso, el correcto funcionamiento o la disponibilidad o continuidad de funcionamiento de la p\u00e1gina.<\/p><p>La existencia de virus, malware, programas maliciosos o lesivos en los contenidos.<\/p><p>El uso il\u00edcito, negligente, fraudulento o contrario a este Aviso Legal.<\/p><p>La falta de licitud, calidad, fiabilidad, utilidad y disponibilidad de los servicios prestados por terceros y puestos a disposici\u00f3n de los usuarios en este sitio web.<\/p><p>De los da\u00f1os que pudieran derivarse del uso il\u00edcito o indebido de este blog.<\/p><h4><b> POL\u00cdTICA DE PRIVACIDAD Y PROTECCI\u00d3N DE DATOS <\/b><\/h4><p>Este sitio web cumple con la normativa vigente en protecci\u00f3n de datos, lo que implica que, como usuario, debe dar su consentimiento expreso antes de facilitarnos datos personales a trav\u00e9s de los diferentes formularios puestos a su disposici\u00f3n en los apartados de nuestra p\u00e1gina.<\/p><p>Para ello, en aras de la transparencia y el ejercicio de su derecho, nuestro deber es informarle sobre los datos personales que recabamos, almacenamos y tratamos y para qu\u00e9 finalidades, teniendo en cualquier momento la posibilidad de revocar libremente su consentimiento.<\/p><p>Toda esta informaci\u00f3n se puede encontrar en nuestra <a href=\"https:\/\/paellamarket.com\/es\/politica-privacidad\/\"> <b> POL\u00cdTICA DE PRIVACIDAD <\/b> <\/a>.<\/p><h4><b> POL\u00cdTICA DE COOKIES <\/b><\/h4><p>Como te informamos en cuanto accedes a nuestro sitio web, este sitio utiliza cookies propias y de terceros con el fin de brindarte la mejor experiencia de usuario y desarrollar nuestra actividad.<\/p><p>En cualquier momento, tendr\u00e1 la opci\u00f3n de configurar su navegador para rechazar el uso de estas cookies que, en algunos casos, afectar\u00e1n su experiencia de usuario.<\/p><p>Para acceder a informaci\u00f3n completa sobre el uso de cookies en este sitio web, su finalidad y su rechazo, puede consultar nuestra <a href=\"https:\/\/paellamarket.com\/cookie-policy-eu\/\"> <b> POL\u00cdTICA DE COOKIES<\/b><\/a>.<\/p><h4><b> LEY APLICABLE Y JURISDICCI\u00d3N COMPETENTE <\/b><\/h4><p>Este Aviso Legal est\u00e1 sujeto a la legislaci\u00f3n Espa\u00f1ola vigente.<\/p><p>En caso de ser necesario, ante cualquier tipo de controversia legal, el <b> PORTAL <\/b> y el usuario, con renuncia expresa a cualquier otro fuero, se someter\u00e1n a los Juzgados y Tribunales correspondientes por cualquier controversia que pudiera suscitarse.<\/p><p>En el caso de que el usuario tenga su domicilio fuera de Espa\u00f1a, el <b> PORTAL <\/b> y el usuario se someter\u00e1n, con renuncia expresa a cualquier otro fuero, a los juzgados y tribunales de Madrid (Espa\u00f1a).<\/p><p>Si tiene alguna pregunta sobre este Aviso Legal, puede enviarnos un correo electr\u00f3nico a <a href=\"mailto:info@paellamarket.com\"> info@paellamarket.com <\/a><\/p>\t\t\t\t\t\t\t\t<\/div>\n\t\t\t\t<\/div>\n\t\t\t\t\t<\/div>\n\t\t<\/div>\n\t\t\t\t\t<\/div>\n\t\t<\/section>\n\t\t\t\t<section class=\"elementor-section elementor-top-section elementor-element elementor-element-9a1d18e elementor-section-boxed elementor-section-height-default elementor-section-height-default\" data-id=\"9a1d18e\" data-element_type=\"section\">\n\t\t\t\t\t\t<div class=\"elementor-container elementor-column-gap-default\">\n\t\t\t\t\t<div class=\"elementor-column elementor-col-100 elementor-top-column elementor-element elementor-element-f1c798c\" data-id=\"f1c798c\" data-element_type=\"column\">\n\t\t\t<div class=\"elementor-widget-wrap elementor-element-populated\">\n\t\t\t\t\t\t<div class=\"elementor-element elementor-element-bc601a4 elementor-widget elementor-widget-spacer\" data-id=\"bc601a4\" data-element_type=\"widget\" data-widget_type=\"spacer.default\">\n\t\t\t\t<div class=\"elementor-widget-container\">\n\t\t\t\t\t\t\t<div class=\"elementor-spacer\">\n\t\t\t<div class=\"elementor-spacer-inner\"><\/div>\n\t\t<\/div>\n\t\t\t\t\t\t<\/div>\n\t\t\t\t<\/div>\n\t\t\t\t\t<\/div>\n\t\t<\/div>\n\t\t\t\t\t<\/div>\n\t\t<\/section>\n\t\t\t\t<\/div>\n\t\t","protected":false},"excerpt":{"rendered":"<p>Aviso Legal Este Aviso Legal tiene como finalidad informarle sobre sus derechos y obligaciones como usuario de este sitio web. Aqu\u00ed encontrar\u00e1 toda la informaci\u00f3n que necesita sobre este sitio web, su actividad, los datos personales que recaba y su finalidad, as\u00ed como las normas de uso que regulan el uso de este sitio web. [&hellip;]<\/p>\n","protected":false},"author":1,"featured_media":0,"parent":0,"menu_order":0,"comment_status":"closed","ping_status":"closed","template":"elementor_header_footer","meta":{"footnotes":""},"class_list":["post-9240","page","type-page","status-publish","hentry"],"yoast_head":"<!-- This site is optimized with the Yoast SEO plugin v24.5 - https:\/\/yoast.com\/wordpress\/plugins\/seo\/ -->\n<title>Aviso Legal - Paella Market<\/title>\n<meta name=\"robots\" content=\"noindex, follow\" \/>\n<meta property=\"og:locale\" content=\"es_ES\" \/>\n<meta property=\"og:type\" content=\"article\" \/>\n<meta property=\"og:title\" content=\"Aviso Legal - Paella Market\" \/>\n<meta property=\"og:description\" content=\"Aviso Legal Este Aviso Legal tiene como finalidad informarle sobre sus derechos y obligaciones como usuario de este sitio web. Aqu\u00ed encontrar\u00e1 toda la informaci\u00f3n que necesita sobre este sitio web, su actividad, los datos personales que recaba y su finalidad, as\u00ed como las normas de uso que regulan el uso de este sitio web. [&hellip;]\" \/>\n<meta property=\"og:url\" content=\"https:\/\/paellamarket.com\/es\/aviso-legal\/\" \/>\n<meta property=\"og:site_name\" content=\"Paella Market\" \/>\n<meta property=\"article:publisher\" content=\"https:\/\/www.facebook.com\/Paellamarket\" \/>\n<meta property=\"article:modified_time\" content=\"2021-04-20T17:12:39+00:00\" \/>\n<meta name=\"twitter:card\" content=\"summary_large_image\" \/>\n<meta name=\"twitter:site\" content=\"@paellamarket\" \/>\n<script type=\"application\/ld+json\" class=\"yoast-schema-graph\">{\"@context\":\"https:\/\/schema.org\",\"@graph\":[{\"@type\":\"WebPage\",\"@id\":\"https:\/\/paellamarket.com\/es\/aviso-legal\/\",\"url\":\"https:\/\/paellamarket.com\/es\/aviso-legal\/\",\"name\":\"Aviso Legal - Paella Market\",\"isPartOf\":{\"@id\":\"https:\/\/paellamarket.com\/es\/#website\"},\"datePublished\":\"2021-04-05T14:36:34+00:00\",\"dateModified\":\"2021-04-20T17:12:39+00:00\",\"breadcrumb\":{\"@id\":\"https:\/\/paellamarket.com\/es\/aviso-legal\/#breadcrumb\"},\"inLanguage\":\"es\",\"potentialAction\":[{\"@type\":\"ReadAction\",\"target\":[\"https:\/\/paellamarket.com\/es\/aviso-legal\/\"]}]},{\"@type\":\"BreadcrumbList\",\"@id\":\"https:\/\/paellamarket.com\/es\/aviso-legal\/#breadcrumb\",\"itemListElement\":[{\"@type\":\"ListItem\",\"position\":1,\"name\":\"Home\",\"item\":\"https:\/\/paellamarket.com\/es\/\"},{\"@type\":\"ListItem\",\"position\":2,\"name\":\"Aviso Legal\"}]},{\"@type\":\"WebSite\",\"@id\":\"https:\/\/paellamarket.com\/es\/#website\",\"url\":\"https:\/\/paellamarket.com\/es\/\",\"name\":\"Paella Market\",\"description\":\"Spanish Paella Ingredients Store\",\"publisher\":{\"@id\":\"https:\/\/paellamarket.com\/es\/#organization\"},\"potentialAction\":[{\"@type\":\"SearchAction\",\"target\":{\"@type\":\"EntryPoint\",\"urlTemplate\":\"https:\/\/paellamarket.com\/es\/?s={search_term_string}\"},\"query-input\":{\"@type\":\"PropertyValueSpecification\",\"valueRequired\":true,\"valueName\":\"search_term_string\"}}],\"inLanguage\":\"es\"},{\"@type\":\"Organization\",\"@id\":\"https:\/\/paellamarket.com\/es\/#organization\",\"name\":\"Paella Market\",\"url\":\"https:\/\/paellamarket.com\/es\/\",\"logo\":{\"@type\":\"ImageObject\",\"inLanguage\":\"es\",\"@id\":\"https:\/\/paellamarket.com\/es\/#\/schema\/logo\/image\/\",\"url\":\"https:\/\/paellamarket.com\/wp-content\/uploads\/2020\/07\/paella-market-spain-logo.png\",\"contentUrl\":\"https:\/\/paellamarket.com\/wp-content\/uploads\/2020\/07\/paella-market-spain-logo.png\",\"width\":362,\"height\":170,\"caption\":\"Paella Market\"},\"image\":{\"@id\":\"https:\/\/paellamarket.com\/es\/#\/schema\/logo\/image\/\"},\"sameAs\":[\"https:\/\/www.facebook.com\/Paellamarket\",\"https:\/\/x.com\/paellamarket\",\"https:\/\/www.instagram.com\/paellamarket\",\"https:\/\/www.youtube.com\/channel\/UCSDRBZjNcqVE9s0D7DeiT2Q\/\"]}]}<\/script>\n<!-- \/ Yoast SEO plugin. -->","yoast_head_json":{"title":"Aviso Legal - Paella Market","robots":{"index":"noindex","follow":"follow"},"og_locale":"es_ES","og_type":"article","og_title":"Aviso Legal - Paella Market","og_description":"Aviso Legal Este Aviso Legal tiene como finalidad informarle sobre sus derechos y obligaciones como usuario de este sitio web. Aqu\u00ed encontrar\u00e1 toda la informaci\u00f3n que necesita sobre este sitio web, su actividad, los datos personales que recaba y su finalidad, as\u00ed como las normas de uso que regulan el uso de este sitio web. [&hellip;]","og_url":"https:\/\/paellamarket.com\/es\/aviso-legal\/","og_site_name":"Paella Market","article_publisher":"https:\/\/www.facebook.com\/Paellamarket","article_modified_time":"2021-04-20T17:12:39+00:00","twitter_card":"summary_large_image","twitter_site":"@paellamarket","schema":{"@context":"https:\/\/schema.org","@graph":[{"@type":"WebPage","@id":"https:\/\/paellamarket.com\/es\/aviso-legal\/","url":"https:\/\/paellamarket.com\/es\/aviso-legal\/","name":"Aviso Legal - Paella Market","isPartOf":{"@id":"https:\/\/paellamarket.com\/es\/#website"},"datePublished":"2021-04-05T14:36:34+00:00","dateModified":"2021-04-20T17:12:39+00:00","breadcrumb":{"@id":"https:\/\/paellamarket.com\/es\/aviso-legal\/#breadcrumb"},"inLanguage":"es","potentialAction":[{"@type":"ReadAction","target":["https:\/\/paellamarket.com\/es\/aviso-legal\/"]}]},{"@type":"BreadcrumbList","@id":"https:\/\/paellamarket.com\/es\/aviso-legal\/#breadcrumb","itemListElement":[{"@type":"ListItem","position":1,"name":"Home","item":"https:\/\/paellamarket.com\/es\/"},{"@type":"ListItem","position":2,"name":"Aviso Legal"}]},{"@type":"WebSite","@id":"https:\/\/paellamarket.com\/es\/#website","url":"https:\/\/paellamarket.com\/es\/","name":"Paella Market","description":"Spanish Paella Ingredients Store","publisher":{"@id":"https:\/\/paellamarket.com\/es\/#organization"},"potentialAction":[{"@type":"SearchAction","target":{"@type":"EntryPoint","urlTemplate":"https:\/\/paellamarket.com\/es\/?s={search_term_string}"},"query-input":{"@type":"PropertyValueSpecification","valueRequired":true,"valueName":"search_term_string"}}],"inLanguage":"es"},{"@type":"Organization","@id":"https:\/\/paellamarket.com\/es\/#organization","name":"Paella Market","url":"https:\/\/paellamarket.com\/es\/","logo":{"@type":"ImageObject","inLanguage":"es","@id":"https:\/\/paellamarket.com\/es\/#\/schema\/logo\/image\/","url":"https:\/\/paellamarket.com\/wp-content\/uploads\/2020\/07\/paella-market-spain-logo.png","contentUrl":"https:\/\/paellamarket.com\/wp-content\/uploads\/2020\/07\/paella-market-spain-logo.png","width":362,"height":170,"caption":"Paella Market"},"image":{"@id":"https:\/\/paellamarket.com\/es\/#\/schema\/logo\/image\/"},"sameAs":["https:\/\/www.facebook.com\/Paellamarket","https:\/\/x.com\/paellamarket","https:\/\/www.instagram.com\/paellamarket","https:\/\/www.youtube.com\/channel\/UCSDRBZjNcqVE9s0D7DeiT2Q\/"]}]}},"_links":{"self":[{"href":"https:\/\/paellamarket.com\/es\/wp-json\/wp\/v2\/pages\/9240"}],"collection":[{"href":"https:\/\/paellamarket.com\/es\/wp-json\/wp\/v2\/pages"}],"about":[{"href":"https:\/\/paellamarket.com\/es\/wp-json\/wp\/v2\/types\/page"}],"author":[{"embeddable":true,"href":"https:\/\/paellamarket.com\/es\/wp-json\/wp\/v2\/users\/1"}],"replies":[{"embeddable":true,"href":"https:\/\/paellamarket.com\/es\/wp-json\/wp\/v2\/comments?post=9240"}],"version-history":[{"count":0,"href":"https:\/\/paellamarket.com\/es\/wp-json\/wp\/v2\/pages\/9240\/revisions"}],"wp:attachment":[{"href":"https:\/\/paellamarket.com\/es\/wp-json\/wp\/v2\/media?parent=9240"}],"curies":[{"name":"wp","href":"https:\/\/api.w.org\/{rel}","templated":true}]}}