{"id":10127,"date":"2020-06-19T16:08:39","date_gmt":"2020-06-19T14:08:39","guid":{"rendered":"https:\/\/paellamarket.com\/product\/custom-paella-kit\/"},"modified":"2023-11-15T12:56:26","modified_gmt":"2023-11-15T10:56:26","slug":"ingredientes-para-paella-online","status":"publish","type":"product","link":"https:\/\/paellamarket.com\/es\/producto\/ingredientes-para-paella-online\/","title":{"rendered":"Ingredientes para Paella Online"},"content":{"rendered":"<p><strong>Seleciona tus Ingredientes Gourmet para hacer Paella<\/strong><\/p>\n<p>Compra unicamente los ingredientes que necesites para elaborar una buena Paella, puedes comprar por unidades. Esta opci\u00f3n es ideal si te falta alguno de nuestros productos para cocinar tus Paellas sin tener que comprar un Kit entero.<\/p>\n<p><strong>Productos disponibles en el kit de unidades sueltas:<\/strong><\/p>\n<p><i class=\"far fa-star\" style=\"color: #eacd2a;\"><\/i> Arroz Gourmet Riuet (de la Albufera, Valencia) <a href=\"https:\/\/paellamarket.com\/es\/arroz-gourmet-riuet\/\">M\u00e1s informaci\u00f3n<\/a><\/p>\n<p><i class=\"far fa-star\" style=\"color: #eacd2a;\"><\/i> Aceite de Oliva Virgen Extra Soberbio (de Andaluc\u00eda) <a href=\"https:\/\/paellamarket.com\/es\/aceite-oliva-virgen-extra-soberbio\/\">M\u00e1s informaci\u00f3n<\/a><\/p>\n<p><i class=\"far fa-star\" style=\"color: #eacd2a;\"><\/i> Azafr\u00e1n (de La Mancha) <a href=\"https:\/\/paellamarket.com\/es\/azafran-de-la-mancha\/\">M\u00e1s informaci\u00f3n<\/a><\/p>\n<p><i class=\"far fa-star\" style=\"color: #eacd2a;\"><\/i> Pimientos Ahumados Secos \u00ab\u00d1oras\u00bb (de La Vera) <a href=\"https:\/\/paellamarket.com\/es\/noras-de-la-vera\/\">M\u00e1s informaci\u00f3n<\/a><\/p>\n<p><i class=\"far fa-star\" style=\"color: #eacd2a;\"><\/i> Piment\u00f3n Dulce (de La Vera) <a href=\"https:\/\/paellamarket.com\/es\/pimenton-de-la-vera\/\">M\u00e1s informaci\u00f3n<\/a><\/p>\n<p><i class=\"far fa-star\" style=\"color: #eacd2a;\"><\/i> Colorante alimentario para Paella Carmencita (de Alicante) <a href=\"https:\/\/paellamarket.com\/es\/colorante-de-paella-carmencita\/\">M\u00e1s informaci\u00f3n<\/a><\/p>\n<p><i class=\"far fa-star\" style=\"color: #eacd2a;\"><\/i> Paellero Valenciana Carmencita (de Alicante) <a href=\"https:\/\/paellamarket.com\/es\/paellero-valenciana-carmencita\/\">M\u00e1s informaci\u00f3n<\/a><\/p>\n","protected":false},"excerpt":{"rendered":"<p>Compra arroz gourmet, \u00d1oras, Azafr\u00e1n de La Mancha, Piment\u00f3n dulce, aceite Soberbio, colorante Carmencita. Los mejores ingredientes Gourmet para hacer Paella.<\/p>\n","protected":false},"featured_media":9517,"comment_status":"open","ping_status":"closed","template":"","meta":[],"product_cat":[78],"product_tag":[],"class_list":{"0":"post-10127","1":"product","2":"type-product","3":"status-publish","4":"has-post-thumbnail","6":"product_cat-pedido-minimo","8":"first","9":"outofstock","10":"taxable","11":"shipping-taxable","12":"purchasable","13":"product-type-simple"},"yoast_head":"<!-- This site is optimized with the Yoast SEO plugin v24.5 - https:\/\/yoast.com\/wordpress\/plugins\/seo\/ -->\n<title>Ingredientes para Paella Online | Los mejores ingredientes para Paella<\/title>\n<meta name=\"description\" content=\"Compra los mejores ingredientes para Paella online. Aceite de oliva virgen, Azafr\u00e1n, arroz gourmet, Piment\u00f3n y \u00d1oras para Paella.\" \/>\n<meta name=\"robots\" content=\"index, follow, max-snippet:-1, max-image-preview:large, max-video-preview:-1\" \/>\n<link rel=\"canonical\" href=\"https:\/\/paellamarket.com\/es\/producto\/kit-de-paella\/\" \/>\n<meta property=\"og:locale\" content=\"es_ES\" \/>\n<meta property=\"og:type\" content=\"article\" \/>\n<meta property=\"og:title\" content=\"Ingredientes para Paella Online | Los mejores ingredientes para Paella\" \/>\n<meta property=\"og:description\" content=\"Compra los mejores ingredientes para Paella online. Aceite de oliva virgen, Azafr\u00e1n, arroz gourmet, Piment\u00f3n y \u00d1oras para Paella.\" \/>\n<meta property=\"og:url\" content=\"https:\/\/paellamarket.com\/es\/producto\/kit-de-paella\/\" \/>\n<meta property=\"og:site_name\" content=\"Paella Market\" \/>\n<meta property=\"article:publisher\" content=\"https:\/\/www.facebook.com\/Paellamarket\" \/>\n<meta property=\"article:modified_time\" content=\"2023-11-15T10:56:26+00:00\" \/>\n<meta property=\"og:image\" content=\"https:\/\/paellamarket.com\/wp-content\/uploads\/2020\/06\/carmencita-paella-kit.jpg\" \/>\n\t<meta property=\"og:image:width\" content=\"700\" \/>\n\t<meta property=\"og:image:height\" content=\"700\" \/>\n\t<meta property=\"og:image:type\" content=\"image\/jpeg\" \/>\n<meta name=\"twitter:card\" content=\"summary_large_image\" \/>\n<meta name=\"twitter:site\" content=\"@paellamarket\" \/>\n<script type=\"application\/ld+json\" class=\"yoast-schema-graph\">{\"@context\":\"https:\/\/schema.org\",\"@graph\":[{\"@type\":\"WebPage\",\"@id\":\"https:\/\/paellamarket.com\/es\/producto\/ingredientes-para-paella-online\/\",\"url\":\"https:\/\/paellamarket.com\/es\/producto\/kit-de-paella\/\",\"name\":\"Ingredientes para Paella Online | Los mejores ingredientes para Paella\",\"isPartOf\":{\"@id\":\"https:\/\/paellamarket.com\/es\/#website\"},\"primaryImageOfPage\":{\"@id\":\"https:\/\/paellamarket.com\/es\/producto\/kit-de-paella\/#primaryimage\"},\"image\":{\"@id\":\"https:\/\/paellamarket.com\/es\/producto\/kit-de-paella\/#primaryimage\"},\"thumbnailUrl\":\"https:\/\/paellamarket.com\/wp-content\/uploads\/2020\/06\/carmencita-paella-kit.jpg\",\"datePublished\":\"2020-06-19T14:08:39+00:00\",\"dateModified\":\"2023-11-15T10:56:26+00:00\",\"description\":\"Compra los mejores ingredientes para Paella online. Aceite de oliva virgen, Azafr\u00e1n, arroz gourmet, Piment\u00f3n y \u00d1oras para Paella.\",\"breadcrumb\":{\"@id\":\"https:\/\/paellamarket.com\/es\/producto\/kit-de-paella\/#breadcrumb\"},\"inLanguage\":\"es\",\"potentialAction\":[{\"@type\":\"ReadAction\",\"target\":[\"https:\/\/paellamarket.com\/es\/producto\/kit-de-paella\/\"]}]},{\"@type\":\"ImageObject\",\"inLanguage\":\"es\",\"@id\":\"https:\/\/paellamarket.com\/es\/producto\/kit-de-paella\/#primaryimage\",\"url\":\"https:\/\/paellamarket.com\/wp-content\/uploads\/2020\/06\/carmencita-paella-kit.jpg\",\"contentUrl\":\"https:\/\/paellamarket.com\/wp-content\/uploads\/2020\/06\/carmencita-paella-kit.jpg\",\"width\":700,\"height\":700,\"caption\":\"Ingredientes para Paella online\"},{\"@type\":\"BreadcrumbList\",\"@id\":\"https:\/\/paellamarket.com\/es\/producto\/kit-de-paella\/#breadcrumb\",\"itemListElement\":[{\"@type\":\"ListItem\",\"position\":1,\"name\":\"Home\",\"item\":\"https:\/\/paellamarket.com\/es\/\"},{\"@type\":\"ListItem\",\"position\":2,\"name\":\"Tienda\",\"item\":\"https:\/\/paellamarket.com\/es\/tienda\/\"},{\"@type\":\"ListItem\",\"position\":3,\"name\":\"Pedido M\u00ednimo\",\"item\":\"https:\/\/paellamarket.com\/es\/tienda\/pedido-minimo\/\"},{\"@type\":\"ListItem\",\"position\":4,\"name\":\"Ingredientes para Paella Online\"}]},{\"@type\":\"WebSite\",\"@id\":\"https:\/\/paellamarket.com\/es\/#website\",\"url\":\"https:\/\/paellamarket.com\/es\/\",\"name\":\"Paella Market\",\"description\":\"Spanish Paella Ingredients Store\",\"publisher\":{\"@id\":\"https:\/\/paellamarket.com\/es\/#organization\"},\"potentialAction\":[{\"@type\":\"SearchAction\",\"target\":{\"@type\":\"EntryPoint\",\"urlTemplate\":\"https:\/\/paellamarket.com\/es\/?s={search_term_string}\"},\"query-input\":{\"@type\":\"PropertyValueSpecification\",\"valueRequired\":true,\"valueName\":\"search_term_string\"}}],\"inLanguage\":\"es\"},{\"@type\":\"Organization\",\"@id\":\"https:\/\/paellamarket.com\/es\/#organization\",\"name\":\"Paella Market\",\"url\":\"https:\/\/paellamarket.com\/es\/\",\"logo\":{\"@type\":\"ImageObject\",\"inLanguage\":\"es\",\"@id\":\"https:\/\/paellamarket.com\/es\/#\/schema\/logo\/image\/\",\"url\":\"https:\/\/paellamarket.com\/wp-content\/uploads\/2020\/07\/paella-market-spain-logo.png\",\"contentUrl\":\"https:\/\/paellamarket.com\/wp-content\/uploads\/2020\/07\/paella-market-spain-logo.png\",\"width\":362,\"height\":170,\"caption\":\"Paella Market\"},\"image\":{\"@id\":\"https:\/\/paellamarket.com\/es\/#\/schema\/logo\/image\/\"},\"sameAs\":[\"https:\/\/www.facebook.com\/Paellamarket\",\"https:\/\/x.com\/paellamarket\",\"https:\/\/www.instagram.com\/paellamarket\",\"https:\/\/www.youtube.com\/channel\/UCSDRBZjNcqVE9s0D7DeiT2Q\/\"]}]}<\/script>\n<!-- \/ Yoast SEO plugin. -->","yoast_head_json":{"title":"Ingredientes para Paella Online | Los mejores ingredientes para Paella","description":"Compra los mejores ingredientes para Paella online. Aceite de oliva virgen, Azafr\u00e1n, arroz gourmet, Piment\u00f3n y \u00d1oras para Paella.","robots":{"index":"index","follow":"follow","max-snippet":"max-snippet:-1","max-image-preview":"max-image-preview:large","max-video-preview":"max-video-preview:-1"},"canonical":"https:\/\/paellamarket.com\/es\/producto\/kit-de-paella\/","og_locale":"es_ES","og_type":"article","og_title":"Ingredientes para Paella Online | Los mejores ingredientes para Paella","og_description":"Compra los mejores ingredientes para Paella online. Aceite de oliva virgen, Azafr\u00e1n, arroz gourmet, Piment\u00f3n y \u00d1oras para Paella.","og_url":"https:\/\/paellamarket.com\/es\/producto\/kit-de-paella\/","og_site_name":"Paella Market","article_publisher":"https:\/\/www.facebook.com\/Paellamarket","article_modified_time":"2023-11-15T10:56:26+00:00","og_image":[{"width":700,"height":700,"url":"https:\/\/paellamarket.com\/wp-content\/uploads\/2020\/06\/carmencita-paella-kit.jpg","type":"image\/jpeg"}],"twitter_card":"summary_large_image","twitter_site":"@paellamarket","schema":{"@context":"https:\/\/schema.org","@graph":[{"@type":"WebPage","@id":"https:\/\/paellamarket.com\/es\/producto\/ingredientes-para-paella-online\/","url":"https:\/\/paellamarket.com\/es\/producto\/kit-de-paella\/","name":"Ingredientes para Paella Online | Los mejores ingredientes para Paella","isPartOf":{"@id":"https:\/\/paellamarket.com\/es\/#website"},"primaryImageOfPage":{"@id":"https:\/\/paellamarket.com\/es\/producto\/kit-de-paella\/#primaryimage"},"image":{"@id":"https:\/\/paellamarket.com\/es\/producto\/kit-de-paella\/#primaryimage"},"thumbnailUrl":"https:\/\/paellamarket.com\/wp-content\/uploads\/2020\/06\/carmencita-paella-kit.jpg","datePublished":"2020-06-19T14:08:39+00:00","dateModified":"2023-11-15T10:56:26+00:00","description":"Compra los mejores ingredientes para Paella online. Aceite de oliva virgen, Azafr\u00e1n, arroz gourmet, Piment\u00f3n y \u00d1oras para Paella.","breadcrumb":{"@id":"https:\/\/paellamarket.com\/es\/producto\/kit-de-paella\/#breadcrumb"},"inLanguage":"es","potentialAction":[{"@type":"ReadAction","target":["https:\/\/paellamarket.com\/es\/producto\/kit-de-paella\/"]}]},{"@type":"ImageObject","inLanguage":"es","@id":"https:\/\/paellamarket.com\/es\/producto\/kit-de-paella\/#primaryimage","url":"https:\/\/paellamarket.com\/wp-content\/uploads\/2020\/06\/carmencita-paella-kit.jpg","contentUrl":"https:\/\/paellamarket.com\/wp-content\/uploads\/2020\/06\/carmencita-paella-kit.jpg","width":700,"height":700,"caption":"Ingredientes para Paella online"},{"@type":"BreadcrumbList","@id":"https:\/\/paellamarket.com\/es\/producto\/kit-de-paella\/#breadcrumb","itemListElement":[{"@type":"ListItem","position":1,"name":"Home","item":"https:\/\/paellamarket.com\/es\/"},{"@type":"ListItem","position":2,"name":"Tienda","item":"https:\/\/paellamarket.com\/es\/tienda\/"},{"@type":"ListItem","position":3,"name":"Pedido M\u00ednimo","item":"https:\/\/paellamarket.com\/es\/tienda\/pedido-minimo\/"},{"@type":"ListItem","position":4,"name":"Ingredientes para Paella Online"}]},{"@type":"WebSite","@id":"https:\/\/paellamarket.com\/es\/#website","url":"https:\/\/paellamarket.com\/es\/","name":"Paella Market","description":"Spanish Paella Ingredients Store","publisher":{"@id":"https:\/\/paellamarket.com\/es\/#organization"},"potentialAction":[{"@type":"SearchAction","target":{"@type":"EntryPoint","urlTemplate":"https:\/\/paellamarket.com\/es\/?s={search_term_string}"},"query-input":{"@type":"PropertyValueSpecification","valueRequired":true,"valueName":"search_term_string"}}],"inLanguage":"es"},{"@type":"Organization","@id":"https:\/\/paellamarket.com\/es\/#organization","name":"Paella Market","url":"https:\/\/paellamarket.com\/es\/","logo":{"@type":"ImageObject","inLanguage":"es","@id":"https:\/\/paellamarket.com\/es\/#\/schema\/logo\/image\/","url":"https:\/\/paellamarket.com\/wp-content\/uploads\/2020\/07\/paella-market-spain-logo.png","contentUrl":"https:\/\/paellamarket.com\/wp-content\/uploads\/2020\/07\/paella-market-spain-logo.png","width":362,"height":170,"caption":"Paella Market"},"image":{"@id":"https:\/\/paellamarket.com\/es\/#\/schema\/logo\/image\/"},"sameAs":["https:\/\/www.facebook.com\/Paellamarket","https:\/\/x.com\/paellamarket","https:\/\/www.instagram.com\/paellamarket","https:\/\/www.youtube.com\/channel\/UCSDRBZjNcqVE9s0D7DeiT2Q\/"]}]}},"_links":{"self":[{"href":"https:\/\/paellamarket.com\/es\/wp-json\/wp\/v2\/product\/10127"}],"collection":[{"href":"https:\/\/paellamarket.com\/es\/wp-json\/wp\/v2\/product"}],"about":[{"href":"https:\/\/paellamarket.com\/es\/wp-json\/wp\/v2\/types\/product"}],"replies":[{"embeddable":true,"href":"https:\/\/paellamarket.com\/es\/wp-json\/wp\/v2\/comments?post=10127"}],"wp:featuredmedia":[{"embeddable":true,"href":"https:\/\/paellamarket.com\/es\/wp-json\/wp\/v2\/media\/9517"}],"wp:attachment":[{"href":"https:\/\/paellamarket.com\/es\/wp-json\/wp\/v2\/media?parent=10127"}],"wp:term":[{"taxonomy":"product_cat","embeddable":true,"href":"https:\/\/paellamarket.com\/es\/wp-json\/wp\/v2\/product_cat?post=10127"},{"taxonomy":"product_tag","embeddable":true,"href":"https:\/\/paellamarket.com\/es\/wp-json\/wp\/v2\/product_tag?post=10127"}],"curies":[{"name":"wp","href":"https:\/\/api.w.org\/{rel}","templated":true}]}}