{"id":9734,"date":"2020-07-12T19:45:02","date_gmt":"2020-07-12T19:45:02","guid":{"rendered":"https:\/\/paellamarket.com\/product\/medium-paella-kit\/"},"modified":"2022-01-04T13:45:05","modified_gmt":"2022-01-04T11:45:05","slug":"kit-de-paella-mediano","status":"publish","type":"product","link":"https:\/\/paellamarket.com\/es\/producto\/kit-de-paella-mediano\/","title":{"rendered":"Kit de Paella Mediano"},"content":{"rendered":"<p><strong>Kit ingredientes de Paella para 15\/20 comensales &#8211; Ideal si tienes invitados<\/strong><\/p>\n<p>El kit de ingredientes para Paella mediano incluye productos premium para elaborar varias Paellas Espa\u00f1olas de calidad. Estos ingredientes gourmet realmente marcan la diferencia. Contiene uno de los mejores arroces de la Albufera, aceite de oliva virgen extra de Andaluc\u00eda y el mejor Piment\u00f3n que puedes comprar en Espa\u00f1a (de La Vera, Extremadura) estos ingredientes brindan un sabor exquisito para cocinar una Paella superior. Con el kit de Paella mediano puedes cocinar 4 paellas para aproximadamente 5\/6 comensales.<\/p>\n<p>Un arroz de la m\u00e1xima calidad como el Riuet de Valencia y el aceite virgen extra de calidad, constituyen los ingredientes m\u00e1s importantes para elaborar una deliciosa Paella, lo sabemos por experiencia. Sorprende a tus amigos y familiares con este kit de Paella. \u00a1Te garantizamos que notar\u00e1s la diferencia!<\/p>\n<p><strong> El kit de ingredientes de Paella mediano incluye: <\/strong><\/p>\n<p><i class=\"far fa-star\" style=\"color: #eacd2a;\"><\/i> 2Kg de Arroz (de la Albufera, Valencia)<a href=\"https:\/\/paellamarket.com\/es\/arroz-gourmet-riuet\/\">M\u00e1s informaci\u00f3n<\/a><\/p>\n<p><i class=\"far fa-star\" style=\"color: #eacd2a;\"><\/i> 1L Aceite de Oliva Virgen Extra (de Andaluc\u00eda)<a href=\"https:\/\/paellamarket.com\/es\/aceite-oliva-virgen-extra-soberbio\/\">M\u00e1s informaci\u00f3n<\/a><\/p>\n<p><i class=\"far fa-star\" style=\"color: #eacd2a;\"><\/i> 1Gr Azafr\u00e1n (de La Mancha) <a href=\"https:\/\/paellamarket.com\/es\/azafran-de-la-mancha\/\">M\u00e1s informaci\u00f3n<\/a><\/p>\n<p><i class=\"far fa-star\" style=\"color: #eacd2a;\"><\/i> 25Gr Pimientos Ahumados \u00ab\u00d1oras\u00bb (de La Vera) <a href=\"https:\/\/paellamarket.com\/es\/noras-de-la-vera\/\">M\u00e1s informaci\u00f3n<\/a><\/p>\n<p><i class=\"far fa-star\" style=\"color: #eacd2a;\"><\/i> Piment\u00f3n dulce en lata 75Gr (de La Vera) <a href=\"https:\/\/paellamarket.com\/es\/pimenton-de-la-vera\/\">M\u00e1s informaci\u00f3n<\/a><\/p>\n<p><i class=\"far fa-star\" style=\"color: #eacd2a;\"><\/i> Colorante Paella 65Gr (de Alicante) <a href=\"https:\/\/paellamarket.com\/es\/colorante-de-paella-carmencita\/\">M\u00e1s informaci\u00f3n<\/a><\/p>\n<p><i class=\"far fa-star\" style=\"color: #eacd2a;\"><\/i> 1 Especias Paellero Valenciana (de Alicante) <a href=\"https:\/\/paellamarket.com\/es\/paellero-valenciana-carmencita\/\">M\u00e1s informaci\u00f3n<\/a><\/p>\n<p><span style=\"font-size: 14px;\">(Paellera no inclu\u00edda)<\/span><\/p>\n","protected":false},"excerpt":{"rendered":"<p>Ingredientes para 4 Paellas Premium, 5 personas (Paellera no inclu\u00edda)<\/p>\n<p class=\"botoneco\">Arroz org\u00e1nico<\/p>\n<ul>\n<li>2 kg de arroz<\/li>\n<li>1 litro de aceite de oliva virgen extra<\/li>\n<li>1Gr Azafr\u00e1n<\/li>\n<li>25Gr Pimientos Ahumados Secos \u00ab\u00d1oras\u00bb<\/li>\n<li>65Gr Colorante para Paella Carmencita<\/li>\n<li>1 Especias Paellero Valenciana<\/li>\n<li>75Gr Piment\u00f3n dulce de La Vera<\/li>\n<\/ul>\n","protected":false},"featured_media":8676,"comment_status":"open","ping_status":"closed","template":"","meta":[],"product_cat":[79],"product_tag":[],"class_list":{"0":"post-9734","1":"product","2":"type-product","3":"status-publish","4":"has-post-thumbnail","6":"product_cat-kits-de-paella","8":"first","9":"outofstock","10":"taxable","11":"shipping-taxable","12":"purchasable","13":"product-type-simple"},"yoast_head":"<!-- This site is optimized with the Yoast SEO plugin v24.5 - https:\/\/yoast.com\/wordpress\/plugins\/seo\/ -->\n<title>Kit Ingredientes de Paella para 15 personas | Ingredientes con D.O.<\/title>\n<meta name=\"description\" content=\"Una selecci\u00f3n de ingredientes gourmet para cocinar todo tipo de Paellas. Compra este kit de ingredientes de Paella para 15 personas.\" \/>\n<meta name=\"robots\" content=\"index, follow, max-snippet:-1, max-image-preview:large, max-video-preview:-1\" \/>\n<link rel=\"canonical\" href=\"https:\/\/paellamarket.com\/es\/producto\/kit-de-paella\/\" \/>\n<meta property=\"og:locale\" content=\"es_ES\" \/>\n<meta property=\"og:type\" content=\"article\" \/>\n<meta property=\"og:title\" content=\"Kit Ingredientes de Paella para 15 personas | Ingredientes con D.O.\" \/>\n<meta property=\"og:description\" content=\"Una selecci\u00f3n de ingredientes gourmet para cocinar todo tipo de Paellas. Compra este kit de ingredientes de Paella para 15 personas.\" \/>\n<meta property=\"og:url\" content=\"https:\/\/paellamarket.com\/es\/producto\/kit-de-paella\/\" \/>\n<meta property=\"og:site_name\" content=\"Paella Market\" \/>\n<meta property=\"article:publisher\" content=\"https:\/\/www.facebook.com\/Paellamarket\" \/>\n<meta property=\"article:modified_time\" content=\"2022-01-04T11:45:05+00:00\" \/>\n<meta property=\"og:image\" content=\"https:\/\/paellamarket.com\/wp-content\/uploads\/2020\/08\/spanish-paella-ingredients-medium-kit.jpg\" \/>\n\t<meta property=\"og:image:width\" content=\"700\" \/>\n\t<meta property=\"og:image:height\" content=\"700\" \/>\n\t<meta property=\"og:image:type\" content=\"image\/jpeg\" \/>\n<meta name=\"twitter:card\" content=\"summary_large_image\" \/>\n<meta name=\"twitter:site\" content=\"@paellamarket\" \/>\n<script type=\"application\/ld+json\" class=\"yoast-schema-graph\">{\"@context\":\"https:\/\/schema.org\",\"@graph\":[{\"@type\":\"WebPage\",\"@id\":\"https:\/\/paellamarket.com\/es\/producto\/kit-de-paella-mediano\/\",\"url\":\"https:\/\/paellamarket.com\/es\/producto\/kit-de-paella\/\",\"name\":\"Kit Ingredientes de Paella para 15 personas | Ingredientes con D.O.\",\"isPartOf\":{\"@id\":\"https:\/\/paellamarket.com\/es\/#website\"},\"primaryImageOfPage\":{\"@id\":\"https:\/\/paellamarket.com\/es\/producto\/kit-de-paella\/#primaryimage\"},\"image\":{\"@id\":\"https:\/\/paellamarket.com\/es\/producto\/kit-de-paella\/#primaryimage\"},\"thumbnailUrl\":\"https:\/\/paellamarket.com\/wp-content\/uploads\/2020\/08\/spanish-paella-ingredients-medium-kit.jpg\",\"datePublished\":\"2020-07-12T19:45:02+00:00\",\"dateModified\":\"2022-01-04T11:45:05+00:00\",\"description\":\"Una selecci\u00f3n de ingredientes gourmet para cocinar todo tipo de Paellas. Compra este kit de ingredientes de Paella para 15 personas.\",\"breadcrumb\":{\"@id\":\"https:\/\/paellamarket.com\/es\/producto\/kit-de-paella\/#breadcrumb\"},\"inLanguage\":\"es\",\"potentialAction\":[{\"@type\":\"ReadAction\",\"target\":[\"https:\/\/paellamarket.com\/es\/producto\/kit-de-paella\/\"]}]},{\"@type\":\"ImageObject\",\"inLanguage\":\"es\",\"@id\":\"https:\/\/paellamarket.com\/es\/producto\/kit-de-paella\/#primaryimage\",\"url\":\"https:\/\/paellamarket.com\/wp-content\/uploads\/2020\/08\/spanish-paella-ingredients-medium-kit.jpg\",\"contentUrl\":\"https:\/\/paellamarket.com\/wp-content\/uploads\/2020\/08\/spanish-paella-ingredients-medium-kit.jpg\",\"width\":700,\"height\":700,\"caption\":\"Kit de Paella Espa\u00f1ola Pack Mediano\"},{\"@type\":\"BreadcrumbList\",\"@id\":\"https:\/\/paellamarket.com\/es\/producto\/kit-de-paella\/#breadcrumb\",\"itemListElement\":[{\"@type\":\"ListItem\",\"position\":1,\"name\":\"Home\",\"item\":\"https:\/\/paellamarket.com\/es\/\"},{\"@type\":\"ListItem\",\"position\":2,\"name\":\"Tienda\",\"item\":\"https:\/\/paellamarket.com\/es\/tienda\/\"},{\"@type\":\"ListItem\",\"position\":3,\"name\":\"Kits de Paella\",\"item\":\"https:\/\/paellamarket.com\/es\/tienda\/kits-de-paella\/\"},{\"@type\":\"ListItem\",\"position\":4,\"name\":\"Kit de Paella Mediano\"}]},{\"@type\":\"WebSite\",\"@id\":\"https:\/\/paellamarket.com\/es\/#website\",\"url\":\"https:\/\/paellamarket.com\/es\/\",\"name\":\"Paella Market\",\"description\":\"Spanish Paella Ingredients Store\",\"publisher\":{\"@id\":\"https:\/\/paellamarket.com\/es\/#organization\"},\"potentialAction\":[{\"@type\":\"SearchAction\",\"target\":{\"@type\":\"EntryPoint\",\"urlTemplate\":\"https:\/\/paellamarket.com\/es\/?s={search_term_string}\"},\"query-input\":{\"@type\":\"PropertyValueSpecification\",\"valueRequired\":true,\"valueName\":\"search_term_string\"}}],\"inLanguage\":\"es\"},{\"@type\":\"Organization\",\"@id\":\"https:\/\/paellamarket.com\/es\/#organization\",\"name\":\"Paella Market\",\"url\":\"https:\/\/paellamarket.com\/es\/\",\"logo\":{\"@type\":\"ImageObject\",\"inLanguage\":\"es\",\"@id\":\"https:\/\/paellamarket.com\/es\/#\/schema\/logo\/image\/\",\"url\":\"https:\/\/paellamarket.com\/wp-content\/uploads\/2020\/07\/paella-market-spain-logo.png\",\"contentUrl\":\"https:\/\/paellamarket.com\/wp-content\/uploads\/2020\/07\/paella-market-spain-logo.png\",\"width\":362,\"height\":170,\"caption\":\"Paella Market\"},\"image\":{\"@id\":\"https:\/\/paellamarket.com\/es\/#\/schema\/logo\/image\/\"},\"sameAs\":[\"https:\/\/www.facebook.com\/Paellamarket\",\"https:\/\/x.com\/paellamarket\",\"https:\/\/www.instagram.com\/paellamarket\",\"https:\/\/www.youtube.com\/channel\/UCSDRBZjNcqVE9s0D7DeiT2Q\/\"]}]}<\/script>\n<!-- \/ Yoast SEO plugin. -->","yoast_head_json":{"title":"Kit Ingredientes de Paella para 15 personas | Ingredientes con D.O.","description":"Una selecci\u00f3n de ingredientes gourmet para cocinar todo tipo de Paellas. Compra este kit de ingredientes de Paella para 15 personas.","robots":{"index":"index","follow":"follow","max-snippet":"max-snippet:-1","max-image-preview":"max-image-preview:large","max-video-preview":"max-video-preview:-1"},"canonical":"https:\/\/paellamarket.com\/es\/producto\/kit-de-paella\/","og_locale":"es_ES","og_type":"article","og_title":"Kit Ingredientes de Paella para 15 personas | Ingredientes con D.O.","og_description":"Una selecci\u00f3n de ingredientes gourmet para cocinar todo tipo de Paellas. Compra este kit de ingredientes de Paella para 15 personas.","og_url":"https:\/\/paellamarket.com\/es\/producto\/kit-de-paella\/","og_site_name":"Paella Market","article_publisher":"https:\/\/www.facebook.com\/Paellamarket","article_modified_time":"2022-01-04T11:45:05+00:00","og_image":[{"width":700,"height":700,"url":"https:\/\/paellamarket.com\/wp-content\/uploads\/2020\/08\/spanish-paella-ingredients-medium-kit.jpg","type":"image\/jpeg"}],"twitter_card":"summary_large_image","twitter_site":"@paellamarket","schema":{"@context":"https:\/\/schema.org","@graph":[{"@type":"WebPage","@id":"https:\/\/paellamarket.com\/es\/producto\/kit-de-paella-mediano\/","url":"https:\/\/paellamarket.com\/es\/producto\/kit-de-paella\/","name":"Kit Ingredientes de Paella para 15 personas | Ingredientes con D.O.","isPartOf":{"@id":"https:\/\/paellamarket.com\/es\/#website"},"primaryImageOfPage":{"@id":"https:\/\/paellamarket.com\/es\/producto\/kit-de-paella\/#primaryimage"},"image":{"@id":"https:\/\/paellamarket.com\/es\/producto\/kit-de-paella\/#primaryimage"},"thumbnailUrl":"https:\/\/paellamarket.com\/wp-content\/uploads\/2020\/08\/spanish-paella-ingredients-medium-kit.jpg","datePublished":"2020-07-12T19:45:02+00:00","dateModified":"2022-01-04T11:45:05+00:00","description":"Una selecci\u00f3n de ingredientes gourmet para cocinar todo tipo de Paellas. Compra este kit de ingredientes de Paella para 15 personas.","breadcrumb":{"@id":"https:\/\/paellamarket.com\/es\/producto\/kit-de-paella\/#breadcrumb"},"inLanguage":"es","potentialAction":[{"@type":"ReadAction","target":["https:\/\/paellamarket.com\/es\/producto\/kit-de-paella\/"]}]},{"@type":"ImageObject","inLanguage":"es","@id":"https:\/\/paellamarket.com\/es\/producto\/kit-de-paella\/#primaryimage","url":"https:\/\/paellamarket.com\/wp-content\/uploads\/2020\/08\/spanish-paella-ingredients-medium-kit.jpg","contentUrl":"https:\/\/paellamarket.com\/wp-content\/uploads\/2020\/08\/spanish-paella-ingredients-medium-kit.jpg","width":700,"height":700,"caption":"Kit de Paella Espa\u00f1ola Pack Mediano"},{"@type":"BreadcrumbList","@id":"https:\/\/paellamarket.com\/es\/producto\/kit-de-paella\/#breadcrumb","itemListElement":[{"@type":"ListItem","position":1,"name":"Home","item":"https:\/\/paellamarket.com\/es\/"},{"@type":"ListItem","position":2,"name":"Tienda","item":"https:\/\/paellamarket.com\/es\/tienda\/"},{"@type":"ListItem","position":3,"name":"Kits de Paella","item":"https:\/\/paellamarket.com\/es\/tienda\/kits-de-paella\/"},{"@type":"ListItem","position":4,"name":"Kit de Paella Mediano"}]},{"@type":"WebSite","@id":"https:\/\/paellamarket.com\/es\/#website","url":"https:\/\/paellamarket.com\/es\/","name":"Paella Market","description":"Spanish Paella Ingredients Store","publisher":{"@id":"https:\/\/paellamarket.com\/es\/#organization"},"potentialAction":[{"@type":"SearchAction","target":{"@type":"EntryPoint","urlTemplate":"https:\/\/paellamarket.com\/es\/?s={search_term_string}"},"query-input":{"@type":"PropertyValueSpecification","valueRequired":true,"valueName":"search_term_string"}}],"inLanguage":"es"},{"@type":"Organization","@id":"https:\/\/paellamarket.com\/es\/#organization","name":"Paella Market","url":"https:\/\/paellamarket.com\/es\/","logo":{"@type":"ImageObject","inLanguage":"es","@id":"https:\/\/paellamarket.com\/es\/#\/schema\/logo\/image\/","url":"https:\/\/paellamarket.com\/wp-content\/uploads\/2020\/07\/paella-market-spain-logo.png","contentUrl":"https:\/\/paellamarket.com\/wp-content\/uploads\/2020\/07\/paella-market-spain-logo.png","width":362,"height":170,"caption":"Paella Market"},"image":{"@id":"https:\/\/paellamarket.com\/es\/#\/schema\/logo\/image\/"},"sameAs":["https:\/\/www.facebook.com\/Paellamarket","https:\/\/x.com\/paellamarket","https:\/\/www.instagram.com\/paellamarket","https:\/\/www.youtube.com\/channel\/UCSDRBZjNcqVE9s0D7DeiT2Q\/"]}]}},"_links":{"self":[{"href":"https:\/\/paellamarket.com\/es\/wp-json\/wp\/v2\/product\/9734"}],"collection":[{"href":"https:\/\/paellamarket.com\/es\/wp-json\/wp\/v2\/product"}],"about":[{"href":"https:\/\/paellamarket.com\/es\/wp-json\/wp\/v2\/types\/product"}],"replies":[{"embeddable":true,"href":"https:\/\/paellamarket.com\/es\/wp-json\/wp\/v2\/comments?post=9734"}],"wp:featuredmedia":[{"embeddable":true,"href":"https:\/\/paellamarket.com\/es\/wp-json\/wp\/v2\/media\/8676"}],"wp:attachment":[{"href":"https:\/\/paellamarket.com\/es\/wp-json\/wp\/v2\/media?parent=9734"}],"wp:term":[{"taxonomy":"product_cat","embeddable":true,"href":"https:\/\/paellamarket.com\/es\/wp-json\/wp\/v2\/product_cat?post=9734"},{"taxonomy":"product_tag","embeddable":true,"href":"https:\/\/paellamarket.com\/es\/wp-json\/wp\/v2\/product_tag?post=9734"}],"curies":[{"name":"wp","href":"https:\/\/api.w.org\/{rel}","templated":true}]}}