{"id":9736,"date":"2020-07-12T19:49:18","date_gmt":"2020-07-12T19:49:18","guid":{"rendered":"https:\/\/paellamarket.com\/product\/large-paella-kit\/"},"modified":"2021-05-21T16:07:36","modified_gmt":"2021-05-21T14:07:36","slug":"kit-de-paella-grande","status":"publish","type":"product","link":"https:\/\/paellamarket.com\/es\/producto\/kit-de-paella-grande\/","title":{"rendered":"Kit de Paella Grande"},"content":{"rendered":"<p><strong>Kit de Paella Espa\u00f1ola para 20\/30 comensales &#8211; Ideal para reuniones y fiestas<br \/>\n<\/strong><\/p>\n<p>El kit de Paella grande incluye ingredientes premium para elaborar una Paella con muchos comensales. Con ingredientes gourmet que realmente marcan la diferencia: contiene uno de los mejores arroces de la Albufera, aceite virgen extra de Andaluc\u00eda y el mejor Piment\u00f3n que puedas comprar en Espa\u00f1a (de La Vera, Extremadura) estos ingredientes aportan un sabor exquisito para cocinar una Paella Espa\u00f1ola de gran calidad. Con el kit grande de Paella podr\u00e1s cocinar 3 paellas para aproximadamente 10 comensales, o 1 Paella para 30\/35 personas, ideal para celebraciones.<\/p>\n<p>Un kit de Paella Espa\u00f1ola con arroz de alt\u00edsima calidad como el Riuet de Valencia o el aceite de oliva virgen extra Soberbio, con los principales ingredientes para hacer una deliciosa Paella para fiestas y grandes grupos que lo disfrutar\u00e1n de lo lindo. \u00a1Te garantizamos que notar\u00e1s la diferencia!<\/p>\n<p>Le recomendamos que vea nuestra exquisita <a href=\"https:\/\/paellamarket.com\/how-to-make-an-exquisite-spanish-seafood-paella\/\"> receta de Paella de mariscos <\/a>, que est\u00e1 hecha con todos los ingredientes de este kit.<\/p>\n<p><strong>El Kit de Paella Grande incluye:<\/strong><\/p>\n<p><i class=\"far fa-star\" style=\"color: #eacd2a;\"><\/i> 3Kg de Arroz (de la Albufera, Valencia) <a href=\"https:\/\/paellamarket.com\/gourmet-spanish-paella-rice-riuet\/\">M\u00e1s informaci\u00f3n<\/a><\/p>\n<p><i class=\"far fa-star\" style=\"color: #eacd2a;\"><\/i> 2L Aceite de Oliva Virgen Extra (de Andaluc\u00eda) <a href=\"https:\/\/paellamarket.com\/extra-virgin-olive-oil-soberbio\/\">M\u00e1s informaci\u00f3n<\/a><\/p>\n<p><i class=\"far fa-star\" style=\"color: #eacd2a;\"><\/i> 1,5Gr Azafr\u00e1n (de La Mancha) <a href=\"https:\/\/paellamarket.com\/spanish-saffron-for-paella\/\">M\u00e1s informaci\u00f3n<\/a><\/p>\n<p><i class=\"far fa-star\" style=\"color: #eacd2a;\"><\/i> 50Gr Pimientos Ahumados \u00ab\u00d1oras\u00bb (de La Vera) <a href=\"https:\/\/paellamarket.com\/spanish-smoked-dried-nora-peppers\/\">M\u00e1s informaci\u00f3n<\/a><\/p>\n<p><i class=\"far fa-star\" style=\"color: #eacd2a;\"><\/i> Piment\u00f3n dulce 75gr (de La Vera) <a href=\"https:\/\/paellamarket.com\/spanish-sweet-pimenton-from-la-vera\/\">M\u00e1s informaci\u00f3n<\/a><\/p>\n<p><i class=\"far fa-star\" style=\"color: #eacd2a;\"><\/i> Colorante de Paella 65Gr (de Alicante) <a href=\"https:\/\/paellamarket.com\/carmencita-paella-colouring\/\">M\u00e1s informaci\u00f3n<\/a><\/p>\n<p><i class=\"far fa-star\" style=\"color: #eacd2a;\"><\/i> 1 Especias Paellero Valenciana (de Alicante) <a href=\"https:\/\/paellamarket.com\/paellero-valenciana-seasoning-carmencita\/\">M\u00e1s informaci\u00f3n<\/a><\/p>\n<p><span style=\"font-size: 14px;\">(Paellera no inclu\u00edda)<\/span><\/p>\n","protected":false},"excerpt":{"rendered":"<p>Ingredientes para 3 Paellas Premium, 10 personas (Paellera no inclu\u00edda)<\/p>\n<p class=\"botoneco\">Arroz Ecol\u00f3gico<\/p>\n<ul>\n<li>3 kg de Arroz<\/li>\n<li>2L Aceite de Oliva virgen extra<\/li>\n<li>1,5Gr Azafr\u00e1n de La Mancha<\/li>\n<li>50Gr Pimientos Ahumados Secos \u00ab\u00d1oras\u00bb<\/li>\n<li>Colorante para Paella Carmencita 65Gr<\/li>\n<li>1 Paellero Valenciana Especias<\/li>\n<li>75Gr Piment\u00f3n dulce de La Vera<\/li>\n<\/ul>\n","protected":false},"featured_media":8677,"comment_status":"open","ping_status":"closed","template":"","meta":[],"product_cat":[79],"product_tag":[],"class_list":{"0":"post-9736","1":"product","2":"type-product","3":"status-publish","4":"has-post-thumbnail","6":"product_cat-kits-de-paella","8":"first","9":"outofstock","10":"taxable","11":"shipping-taxable","12":"purchasable","13":"product-type-simple"},"yoast_head":"<!-- This site is optimized with the Yoast SEO plugin v24.5 - https:\/\/yoast.com\/wordpress\/plugins\/seo\/ -->\n<title>Kit de Paella Espa\u00f1ola con ingredientes premium - Tama\u00f1o grande<\/title>\n<meta name=\"description\" content=\"Kit de Paella Espa\u00f1ola que incluye ingredientes premium para cocinar Paellas. Compra este kit de ingredientes de Paella para 20 personas.\" \/>\n<meta name=\"robots\" content=\"index, follow, max-snippet:-1, max-image-preview:large, max-video-preview:-1\" \/>\n<link rel=\"canonical\" href=\"https:\/\/paellamarket.com\/es\/producto\/kit-de-paella\/\" \/>\n<meta property=\"og:locale\" content=\"es_ES\" \/>\n<meta property=\"og:type\" content=\"article\" \/>\n<meta property=\"og:title\" content=\"Kit de Paella Espa\u00f1ola con ingredientes premium - Tama\u00f1o grande\" \/>\n<meta property=\"og:description\" content=\"Kit de Paella Espa\u00f1ola que incluye ingredientes premium para cocinar Paellas. Compra este kit de ingredientes de Paella para 20 personas.\" \/>\n<meta property=\"og:url\" content=\"https:\/\/paellamarket.com\/es\/producto\/kit-de-paella\/\" \/>\n<meta property=\"og:site_name\" content=\"Paella Market\" \/>\n<meta property=\"article:publisher\" content=\"https:\/\/www.facebook.com\/Paellamarket\" \/>\n<meta property=\"article:modified_time\" content=\"2021-05-21T14:07:36+00:00\" \/>\n<meta property=\"og:image\" content=\"https:\/\/paellamarket.com\/wp-content\/uploads\/2020\/08\/spanish-paella-ingredients-large-kit.jpg\" \/>\n\t<meta property=\"og:image:width\" content=\"700\" \/>\n\t<meta property=\"og:image:height\" content=\"700\" \/>\n\t<meta property=\"og:image:type\" content=\"image\/jpeg\" \/>\n<meta name=\"twitter:card\" content=\"summary_large_image\" \/>\n<meta name=\"twitter:site\" content=\"@paellamarket\" \/>\n<script type=\"application\/ld+json\" class=\"yoast-schema-graph\">{\"@context\":\"https:\/\/schema.org\",\"@graph\":[{\"@type\":\"WebPage\",\"@id\":\"https:\/\/paellamarket.com\/es\/producto\/kit-de-paella-grande\/\",\"url\":\"https:\/\/paellamarket.com\/es\/producto\/kit-de-paella\/\",\"name\":\"Kit de Paella Espa\u00f1ola con ingredientes premium - Tama\u00f1o grande\",\"isPartOf\":{\"@id\":\"https:\/\/paellamarket.com\/es\/#website\"},\"primaryImageOfPage\":{\"@id\":\"https:\/\/paellamarket.com\/es\/producto\/kit-de-paella\/#primaryimage\"},\"image\":{\"@id\":\"https:\/\/paellamarket.com\/es\/producto\/kit-de-paella\/#primaryimage\"},\"thumbnailUrl\":\"https:\/\/paellamarket.com\/wp-content\/uploads\/2020\/08\/spanish-paella-ingredients-large-kit.jpg\",\"datePublished\":\"2020-07-12T19:49:18+00:00\",\"dateModified\":\"2021-05-21T14:07:36+00:00\",\"description\":\"Kit de Paella Espa\u00f1ola que incluye ingredientes premium para cocinar Paellas. Compra este kit de ingredientes de Paella para 20 personas.\",\"breadcrumb\":{\"@id\":\"https:\/\/paellamarket.com\/es\/producto\/kit-de-paella\/#breadcrumb\"},\"inLanguage\":\"es\",\"potentialAction\":[{\"@type\":\"ReadAction\",\"target\":[\"https:\/\/paellamarket.com\/es\/producto\/kit-de-paella\/\"]}]},{\"@type\":\"ImageObject\",\"inLanguage\":\"es\",\"@id\":\"https:\/\/paellamarket.com\/es\/producto\/kit-de-paella\/#primaryimage\",\"url\":\"https:\/\/paellamarket.com\/wp-content\/uploads\/2020\/08\/spanish-paella-ingredients-large-kit.jpg\",\"contentUrl\":\"https:\/\/paellamarket.com\/wp-content\/uploads\/2020\/08\/spanish-paella-ingredients-large-kit.jpg\",\"width\":700,\"height\":700,\"caption\":\"Kit de Paella Espa\u00f1ola Pack Grande\"},{\"@type\":\"BreadcrumbList\",\"@id\":\"https:\/\/paellamarket.com\/es\/producto\/kit-de-paella\/#breadcrumb\",\"itemListElement\":[{\"@type\":\"ListItem\",\"position\":1,\"name\":\"Home\",\"item\":\"https:\/\/paellamarket.com\/es\/\"},{\"@type\":\"ListItem\",\"position\":2,\"name\":\"Tienda\",\"item\":\"https:\/\/paellamarket.com\/es\/tienda\/\"},{\"@type\":\"ListItem\",\"position\":3,\"name\":\"Kits de Paella\",\"item\":\"https:\/\/paellamarket.com\/es\/tienda\/kits-de-paella\/\"},{\"@type\":\"ListItem\",\"position\":4,\"name\":\"Kit de Paella Grande\"}]},{\"@type\":\"WebSite\",\"@id\":\"https:\/\/paellamarket.com\/es\/#website\",\"url\":\"https:\/\/paellamarket.com\/es\/\",\"name\":\"Paella Market\",\"description\":\"Spanish Paella Ingredients Store\",\"publisher\":{\"@id\":\"https:\/\/paellamarket.com\/es\/#organization\"},\"potentialAction\":[{\"@type\":\"SearchAction\",\"target\":{\"@type\":\"EntryPoint\",\"urlTemplate\":\"https:\/\/paellamarket.com\/es\/?s={search_term_string}\"},\"query-input\":{\"@type\":\"PropertyValueSpecification\",\"valueRequired\":true,\"valueName\":\"search_term_string\"}}],\"inLanguage\":\"es\"},{\"@type\":\"Organization\",\"@id\":\"https:\/\/paellamarket.com\/es\/#organization\",\"name\":\"Paella Market\",\"url\":\"https:\/\/paellamarket.com\/es\/\",\"logo\":{\"@type\":\"ImageObject\",\"inLanguage\":\"es\",\"@id\":\"https:\/\/paellamarket.com\/es\/#\/schema\/logo\/image\/\",\"url\":\"https:\/\/paellamarket.com\/wp-content\/uploads\/2020\/07\/paella-market-spain-logo.png\",\"contentUrl\":\"https:\/\/paellamarket.com\/wp-content\/uploads\/2020\/07\/paella-market-spain-logo.png\",\"width\":362,\"height\":170,\"caption\":\"Paella Market\"},\"image\":{\"@id\":\"https:\/\/paellamarket.com\/es\/#\/schema\/logo\/image\/\"},\"sameAs\":[\"https:\/\/www.facebook.com\/Paellamarket\",\"https:\/\/x.com\/paellamarket\",\"https:\/\/www.instagram.com\/paellamarket\",\"https:\/\/www.youtube.com\/channel\/UCSDRBZjNcqVE9s0D7DeiT2Q\/\"]}]}<\/script>\n<!-- \/ Yoast SEO plugin. -->","yoast_head_json":{"title":"Kit de Paella Espa\u00f1ola con ingredientes premium - Tama\u00f1o grande","description":"Kit de Paella Espa\u00f1ola que incluye ingredientes premium para cocinar Paellas. Compra este kit de ingredientes de Paella para 20 personas.","robots":{"index":"index","follow":"follow","max-snippet":"max-snippet:-1","max-image-preview":"max-image-preview:large","max-video-preview":"max-video-preview:-1"},"canonical":"https:\/\/paellamarket.com\/es\/producto\/kit-de-paella\/","og_locale":"es_ES","og_type":"article","og_title":"Kit de Paella Espa\u00f1ola con ingredientes premium - Tama\u00f1o grande","og_description":"Kit de Paella Espa\u00f1ola que incluye ingredientes premium para cocinar Paellas. Compra este kit de ingredientes de Paella para 20 personas.","og_url":"https:\/\/paellamarket.com\/es\/producto\/kit-de-paella\/","og_site_name":"Paella Market","article_publisher":"https:\/\/www.facebook.com\/Paellamarket","article_modified_time":"2021-05-21T14:07:36+00:00","og_image":[{"width":700,"height":700,"url":"https:\/\/paellamarket.com\/wp-content\/uploads\/2020\/08\/spanish-paella-ingredients-large-kit.jpg","type":"image\/jpeg"}],"twitter_card":"summary_large_image","twitter_site":"@paellamarket","schema":{"@context":"https:\/\/schema.org","@graph":[{"@type":"WebPage","@id":"https:\/\/paellamarket.com\/es\/producto\/kit-de-paella-grande\/","url":"https:\/\/paellamarket.com\/es\/producto\/kit-de-paella\/","name":"Kit de Paella Espa\u00f1ola con ingredientes premium - Tama\u00f1o grande","isPartOf":{"@id":"https:\/\/paellamarket.com\/es\/#website"},"primaryImageOfPage":{"@id":"https:\/\/paellamarket.com\/es\/producto\/kit-de-paella\/#primaryimage"},"image":{"@id":"https:\/\/paellamarket.com\/es\/producto\/kit-de-paella\/#primaryimage"},"thumbnailUrl":"https:\/\/paellamarket.com\/wp-content\/uploads\/2020\/08\/spanish-paella-ingredients-large-kit.jpg","datePublished":"2020-07-12T19:49:18+00:00","dateModified":"2021-05-21T14:07:36+00:00","description":"Kit de Paella Espa\u00f1ola que incluye ingredientes premium para cocinar Paellas. Compra este kit de ingredientes de Paella para 20 personas.","breadcrumb":{"@id":"https:\/\/paellamarket.com\/es\/producto\/kit-de-paella\/#breadcrumb"},"inLanguage":"es","potentialAction":[{"@type":"ReadAction","target":["https:\/\/paellamarket.com\/es\/producto\/kit-de-paella\/"]}]},{"@type":"ImageObject","inLanguage":"es","@id":"https:\/\/paellamarket.com\/es\/producto\/kit-de-paella\/#primaryimage","url":"https:\/\/paellamarket.com\/wp-content\/uploads\/2020\/08\/spanish-paella-ingredients-large-kit.jpg","contentUrl":"https:\/\/paellamarket.com\/wp-content\/uploads\/2020\/08\/spanish-paella-ingredients-large-kit.jpg","width":700,"height":700,"caption":"Kit de Paella Espa\u00f1ola Pack Grande"},{"@type":"BreadcrumbList","@id":"https:\/\/paellamarket.com\/es\/producto\/kit-de-paella\/#breadcrumb","itemListElement":[{"@type":"ListItem","position":1,"name":"Home","item":"https:\/\/paellamarket.com\/es\/"},{"@type":"ListItem","position":2,"name":"Tienda","item":"https:\/\/paellamarket.com\/es\/tienda\/"},{"@type":"ListItem","position":3,"name":"Kits de Paella","item":"https:\/\/paellamarket.com\/es\/tienda\/kits-de-paella\/"},{"@type":"ListItem","position":4,"name":"Kit de Paella Grande"}]},{"@type":"WebSite","@id":"https:\/\/paellamarket.com\/es\/#website","url":"https:\/\/paellamarket.com\/es\/","name":"Paella Market","description":"Spanish Paella Ingredients Store","publisher":{"@id":"https:\/\/paellamarket.com\/es\/#organization"},"potentialAction":[{"@type":"SearchAction","target":{"@type":"EntryPoint","urlTemplate":"https:\/\/paellamarket.com\/es\/?s={search_term_string}"},"query-input":{"@type":"PropertyValueSpecification","valueRequired":true,"valueName":"search_term_string"}}],"inLanguage":"es"},{"@type":"Organization","@id":"https:\/\/paellamarket.com\/es\/#organization","name":"Paella Market","url":"https:\/\/paellamarket.com\/es\/","logo":{"@type":"ImageObject","inLanguage":"es","@id":"https:\/\/paellamarket.com\/es\/#\/schema\/logo\/image\/","url":"https:\/\/paellamarket.com\/wp-content\/uploads\/2020\/07\/paella-market-spain-logo.png","contentUrl":"https:\/\/paellamarket.com\/wp-content\/uploads\/2020\/07\/paella-market-spain-logo.png","width":362,"height":170,"caption":"Paella Market"},"image":{"@id":"https:\/\/paellamarket.com\/es\/#\/schema\/logo\/image\/"},"sameAs":["https:\/\/www.facebook.com\/Paellamarket","https:\/\/x.com\/paellamarket","https:\/\/www.instagram.com\/paellamarket","https:\/\/www.youtube.com\/channel\/UCSDRBZjNcqVE9s0D7DeiT2Q\/"]}]}},"_links":{"self":[{"href":"https:\/\/paellamarket.com\/es\/wp-json\/wp\/v2\/product\/9736"}],"collection":[{"href":"https:\/\/paellamarket.com\/es\/wp-json\/wp\/v2\/product"}],"about":[{"href":"https:\/\/paellamarket.com\/es\/wp-json\/wp\/v2\/types\/product"}],"replies":[{"embeddable":true,"href":"https:\/\/paellamarket.com\/es\/wp-json\/wp\/v2\/comments?post=9736"}],"wp:featuredmedia":[{"embeddable":true,"href":"https:\/\/paellamarket.com\/es\/wp-json\/wp\/v2\/media\/8677"}],"wp:attachment":[{"href":"https:\/\/paellamarket.com\/es\/wp-json\/wp\/v2\/media?parent=9736"}],"wp:term":[{"taxonomy":"product_cat","embeddable":true,"href":"https:\/\/paellamarket.com\/es\/wp-json\/wp\/v2\/product_cat?post=9736"},{"taxonomy":"product_tag","embeddable":true,"href":"https:\/\/paellamarket.com\/es\/wp-json\/wp\/v2\/product_tag?post=9736"}],"curies":[{"name":"wp","href":"https:\/\/api.w.org\/{rel}","templated":true}]}}